{"id":932,"date":"2021-01-12T11:59:19","date_gmt":"2021-01-12T10:59:19","guid":{"rendered":"http:\/\/cpi.induze.biz\/?page_id=932"},"modified":"2021-01-14T12:19:48","modified_gmt":"2021-01-14T11:19:48","slug":"politica-de-cookies","status":"publish","type":"page","link":"https:\/\/cpi-europe.upv.es\/val\/politica-de-cookies\/","title":{"rendered":"Pol\u00edtica de cookies"},"content":{"rendered":"<div data-elementor-type=\"wp-page\" data-elementor-id=\"932\" class=\"elementor elementor-932\" data-elementor-post-type=\"page\">\n\t\t\t\t\t\t<section class=\"elementor-section elementor-top-section elementor-element elementor-element-0ef303b elementor-section-boxed elementor-section-height-default elementor-section-height-default\" data-id=\"0ef303b\" data-element_type=\"section\" data-e-type=\"section\">\n\t\t\t\t\t\t<div class=\"elementor-container elementor-column-gap-default\">\n\t\t\t\t\t<div class=\"elementor-column elementor-col-100 elementor-top-column elementor-element elementor-element-f8c0087\" data-id=\"f8c0087\" data-element_type=\"column\" data-e-type=\"column\">\n\t\t\t<div class=\"elementor-widget-wrap elementor-element-populated\">\n\t\t\t\t\t\t<div class=\"elementor-element elementor-element-393ad59 elementor-widget elementor-widget-text-editor\" data-id=\"393ad59\" data-element_type=\"widget\" data-e-type=\"widget\" data-widget_type=\"text-editor.default\">\n\t\t\t\t<div class=\"elementor-widget-container\">\n\t\t\t\t\t\t\t\t\t<h2><strong>POL\u00cdTICA DE GALETES<\/strong><\/h2><p>\u00a0<strong>Qu\u00e8 s\u00f3n les galetes? <\/strong>? Les galetes s\u00f3n petits arxius de dades que es reben al terminal des del lloc Web visitat i s\u2019usen per a registrar certes interaccions de la navegaci\u00f3. Aquests arxius s\u2019emmagatzemen a l\u2019ordinador de l\u2019usuari i contenen dades an\u00f2nimes que poden ser actualitzades i recuperades en el futur i no s\u00f3n perjudicials per a l\u2019equip. S\u2019utilitzen per a recordar les prefer\u00e8ncies de l\u2019usuari, com \u00e9s el cas de l\u2019idioma seleccionat, les dades d\u2019acc\u00e9s o la personalitzaci\u00f3 de la p\u00e0gina.<\/p><p>Les galetes tamb\u00e9 es poden usar per a recopilar informaci\u00f3 an\u00f2nima sobre com un visitant navega per un lloc Web. Per exemple, des de quina p\u00e0gina Web hi ha accedit o si ha usat un b\u00e0ner publicitari per a arribar-hi.<\/p><p><strong>Per qu\u00e8 utilitza galetes CPI EUROPE? <\/strong>CPI EUROPE utilitza les galetes estrictament necess\u00e0ries perqu\u00e8 l\u2019usuari, en navegar pel lloc Web, puga moure-s\u2019hi lliurement, accedir a \u00e0rees segures i opcions personalitzades, etc.<\/p><p><strong>Quina mena de galetes utilitza CPI EUROPE?<\/strong><\/p><p><strong>Segons la finalitat: <\/strong><\/p><p><strong>Galetes t\u00e8cniques.<\/strong> S\u00f3n les imprescindibles, les estrictament necess\u00e0ries per al funcionament correcte d\u2019un lloc Web, les diferents opcions de navegaci\u00f3 i els serveis que ofereix. En aquest grup s\u2019inclouen les que serveixen per al manteniment de la sessi\u00f3, la gesti\u00f3 del temps de resposta, el rendiment o validaci\u00f3 d\u2019opcions, l\u2019\u00fas d\u2019elements de seguretat, la publicaci\u00f3 de contingut compartit en xarxes socials, etc.<\/p><p><strong>Galetes de personalitzaci\u00f3. <\/strong>Aquests arxius permeten a l\u2019usuari especificar o personalitzar algunes caracter\u00edstiques de les opcions generals del lloc Web; per exemple, definir-ne l\u2019idioma, una configuraci\u00f3 regional o el tipus de navegador.<\/p><p><strong>Galetes anal\u00edtiques. <\/strong>Les galetes anal\u00edtiques s\u00f3n les que el lloc Web fa servir per a elaborar perfils de navegaci\u00f3 i con\u00e8ixer les prefer\u00e8ncies dels usuaris a fi de millorar l\u2019oferta de productes i serveis. En concret, s\u00f3n les que permeten observar quines \u00e0rees geogr\u00e0fiques interessen m\u00e9s un usuari, quin producte t\u00e9 m\u00e9s acceptaci\u00f3, etc.<\/p><p><strong>Segons el termini:<\/strong><\/p><p><strong>Galetes de sessi\u00f3.<\/strong> S\u00f3n les que estan actives mentre l\u2019usuari navega per la p\u00e0gina Web i s\u2019esborren quan acaba.<\/p><p><strong>Galetes persistents. <\/strong>Aquestes galetes queden emmagatzemades durant un temps al terminal de l\u2019usuari, de manera que permeten mantenir les prefer\u00e8ncies triades sense haver de repetir certs par\u00e0metres cada vegada que es visita un lloc Web determinat.<\/p><p><strong>Qu\u00e8 passa si l\u2019usuari no accepta l\u2019autoritzaci\u00f3 de galetes? <\/strong>Si l\u2019usuari continua navegant pel lloc Web sense rebutjar expressament la pol\u00edtica de galetes, s\u2019ent\u00e9n de forma t\u00e0cita que n\u2019ha acceptat l\u2019\u00fas.<\/p><p>Si, per contra, el visitant rebutja o esborra les galetes de navegaci\u00f3, no ser\u00e0 possible mantenir les seues prefer\u00e8ncies al lloc Web de CPI EUROPE, no estaran operatives algunes caracter\u00edstiques de les p\u00e0gines, no se li oferiran alguns serveis personalitzats i se li sol\u00b7licitar\u00e0 l\u2019autoritzaci\u00f3 per a l\u2019\u00fas de galetes cada vegada que accedisca a aquest lloc.<\/p><p>Si, aix\u00ed i tot, l\u2019usuari decideix modificar la configuraci\u00f3 d\u2019acc\u00e9s a la p\u00e0gina Web, ha de saber que en qualsevol moment pot eliminar les galetes o impedir que es registre aquesta informaci\u00f3 al seu equip, mitjan\u00e7ant la rectificaci\u00f3 de les prefer\u00e8ncies del navegador.<\/p>\t\t\t\t\t\t\t\t<\/div>\n\t\t\t\t<\/div>\n\t\t\t\t\t<\/div>\n\t\t<\/div>\n\t\t\t\t\t<\/div>\n\t\t<\/section>\n\t\t\t\t<\/div>","protected":false},"excerpt":{"rendered":"<p>POL\u00cdTICA DE COOKIES \u00bfQu\u00e9 son las cookies? Las cookies son peque\u00f1os archivos de datos que se reciben en el terminal desde el sitio Web visitado y se usan para registrar ciertas interacciones de la navegaci\u00f3n. Estos archivos se almacenan en el ordenador del usuario y contienen datos an\u00f3nimos que pueden ser actualizados y recuperados en &hellip;<\/p>\n<p class=\"read-more\"> <a class=\"\" href=\"https:\/\/cpi-europe.upv.es\/val\/politica-de-cookies\/\"> <span class=\"screen-reader-text\">Pol\u00edtica de cookies<\/span> Read More \u00bb<\/a><\/p>","protected":false},"author":1,"featured_media":0,"parent":0,"menu_order":0,"comment_status":"closed","ping_status":"closed","template":"","meta":{"content-type":"","_monsterinsights_skip_tracking":false,"_monsterinsights_sitenote_active":false,"_monsterinsights_sitenote_note":"","_monsterinsights_sitenote_category":0,"footnotes":""},"class_list":["post-932","page","type-page","status-publish","hentry"],"yoast_head":"<!-- This site is optimized with the Yoast SEO plugin v27.1.1 - https:\/\/yoast.com\/product\/yoast-seo-wordpress\/ -->\n<title>Pol\u00edtica de cookies | CPI EUROPE<\/title>\n<meta name=\"robots\" content=\"noindex, follow\" \/>\n<meta property=\"og:locale\" content=\"en_US\" \/>\n<meta property=\"og:type\" content=\"article\" \/>\n<meta property=\"og:title\" content=\"Pol\u00edtica de cookies | CPI EUROPE\" \/>\n<meta property=\"og:description\" content=\"POL\u00cdTICA DE COOKIES \u00bfQu\u00e9 son las cookies? Las cookies son peque\u00f1os archivos de datos que se reciben en el terminal desde el sitio Web visitado y se usan para registrar ciertas interacciones de la navegaci\u00f3n. Estos archivos se almacenan en el ordenador del usuario y contienen datos an\u00f3nimos que pueden ser actualizados y recuperados en &hellip; Pol\u00edtica de cookies Read More \u00bb\" \/>\n<meta property=\"og:url\" content=\"https:\/\/cpi-europe.upv.es\/val\/politica-de-cookies\/\" \/>\n<meta property=\"og:site_name\" content=\"CPI EUROPE\" \/>\n<meta property=\"article:publisher\" content=\"https:\/\/www.facebook.com\/UPV\" \/>\n<meta property=\"article:modified_time\" content=\"2021-01-14T11:19:48+00:00\" \/>\n<meta name=\"twitter:card\" content=\"summary_large_image\" \/>\n<meta name=\"twitter:site\" content=\"@UPV\" \/>\n<meta name=\"twitter:label1\" content=\"Est. reading time\" \/>\n\t<meta name=\"twitter:data1\" content=\"3 minutes\" \/>\n<script type=\"application\/ld+json\" class=\"yoast-schema-graph\">{\"@context\":\"https:\/\/schema.org\",\"@graph\":[{\"@type\":\"WebPage\",\"@id\":\"https:\/\/cpi-europe.upv.es\/politica-de-cookies\/\",\"url\":\"https:\/\/cpi-europe.upv.es\/politica-de-cookies\/\",\"name\":\"Pol\u00edtica de cookies | CPI EUROPE\",\"isPartOf\":{\"@id\":\"https:\/\/cpi-europe.upv.es\/#website\"},\"datePublished\":\"2021-01-12T10:59:19+00:00\",\"dateModified\":\"2021-01-14T11:19:48+00:00\",\"breadcrumb\":{\"@id\":\"https:\/\/cpi-europe.upv.es\/politica-de-cookies\/#breadcrumb\"},\"inLanguage\":\"va\",\"potentialAction\":[{\"@type\":\"ReadAction\",\"target\":[\"https:\/\/cpi-europe.upv.es\/politica-de-cookies\/\"]}]},{\"@type\":\"BreadcrumbList\",\"@id\":\"https:\/\/cpi-europe.upv.es\/politica-de-cookies\/#breadcrumb\",\"itemListElement\":[{\"@type\":\"ListItem\",\"position\":1,\"name\":\"Portada\",\"item\":\"https:\/\/cpi-europe.upv.es\/\"},{\"@type\":\"ListItem\",\"position\":2,\"name\":\"Pol\u00edtica de cookies\"}]},{\"@type\":\"WebSite\",\"@id\":\"https:\/\/cpi-europe.upv.es\/#website\",\"url\":\"https:\/\/cpi-europe.upv.es\/\",\"name\":\"CPI EUROPE\",\"description\":\"\",\"publisher\":{\"@id\":\"https:\/\/cpi-europe.upv.es\/#organization\"},\"potentialAction\":[{\"@type\":\"SearchAction\",\"target\":{\"@type\":\"EntryPoint\",\"urlTemplate\":\"https:\/\/cpi-europe.upv.es\/?s={search_term_string}\"},\"query-input\":{\"@type\":\"PropertyValueSpecification\",\"valueRequired\":true,\"valueName\":\"search_term_string\"}}],\"inLanguage\":\"va\"},{\"@type\":\"Organization\",\"@id\":\"https:\/\/cpi-europe.upv.es\/#organization\",\"name\":\"CPI Europe\",\"url\":\"https:\/\/cpi-europe.upv.es\/\",\"logo\":{\"@type\":\"ImageObject\",\"inLanguage\":\"va\",\"@id\":\"https:\/\/cpi-europe.upv.es\/#\/schema\/logo\/image\/\",\"url\":\"https:\/\/cpi-europe.upv.es\/wp-content\/uploads\/2020\/12\/logo-cpi-web-ok.png\",\"contentUrl\":\"https:\/\/cpi-europe.upv.es\/wp-content\/uploads\/2020\/12\/logo-cpi-web-ok.png\",\"width\":869,\"height\":111,\"caption\":\"CPI Europe\"},\"image\":{\"@id\":\"https:\/\/cpi-europe.upv.es\/#\/schema\/logo\/image\/\"},\"sameAs\":[\"https:\/\/www.facebook.com\/UPV\",\"https:\/\/x.com\/UPV\",\"https:\/\/www.instagram.com\/instaUPV\/\"]}]}<\/script>\n<!-- \/ Yoast SEO plugin. -->","yoast_head_json":{"title":"Pol\u00edtica de cookies | CPI EUROPE","robots":{"index":"noindex","follow":"follow"},"og_locale":"en_US","og_type":"article","og_title":"Pol\u00edtica de cookies | CPI EUROPE","og_description":"POL\u00cdTICA DE COOKIES \u00bfQu\u00e9 son las cookies? Las cookies son peque\u00f1os archivos de datos que se reciben en el terminal desde el sitio Web visitado y se usan para registrar ciertas interacciones de la navegaci\u00f3n. Estos archivos se almacenan en el ordenador del usuario y contienen datos an\u00f3nimos que pueden ser actualizados y recuperados en &hellip; Pol\u00edtica de cookies Read More \u00bb","og_url":"https:\/\/cpi-europe.upv.es\/val\/politica-de-cookies\/","og_site_name":"CPI EUROPE","article_publisher":"https:\/\/www.facebook.com\/UPV","article_modified_time":"2021-01-14T11:19:48+00:00","twitter_card":"summary_large_image","twitter_site":"@UPV","twitter_misc":{"Est. reading time":"3 minutes"},"schema":{"@context":"https:\/\/schema.org","@graph":[{"@type":"WebPage","@id":"https:\/\/cpi-europe.upv.es\/politica-de-cookies\/","url":"https:\/\/cpi-europe.upv.es\/politica-de-cookies\/","name":"Pol\u00edtica de cookies | CPI EUROPE","isPartOf":{"@id":"https:\/\/cpi-europe.upv.es\/#website"},"datePublished":"2021-01-12T10:59:19+00:00","dateModified":"2021-01-14T11:19:48+00:00","breadcrumb":{"@id":"https:\/\/cpi-europe.upv.es\/politica-de-cookies\/#breadcrumb"},"inLanguage":"va","potentialAction":[{"@type":"ReadAction","target":["https:\/\/cpi-europe.upv.es\/politica-de-cookies\/"]}]},{"@type":"BreadcrumbList","@id":"https:\/\/cpi-europe.upv.es\/politica-de-cookies\/#breadcrumb","itemListElement":[{"@type":"ListItem","position":1,"name":"Portada","item":"https:\/\/cpi-europe.upv.es\/"},{"@type":"ListItem","position":2,"name":"Pol\u00edtica de cookies"}]},{"@type":"WebSite","@id":"https:\/\/cpi-europe.upv.es\/#website","url":"https:\/\/cpi-europe.upv.es\/","name":"CPI EUROPE","description":"","publisher":{"@id":"https:\/\/cpi-europe.upv.es\/#organization"},"potentialAction":[{"@type":"SearchAction","target":{"@type":"EntryPoint","urlTemplate":"https:\/\/cpi-europe.upv.es\/?s={search_term_string}"},"query-input":{"@type":"PropertyValueSpecification","valueRequired":true,"valueName":"search_term_string"}}],"inLanguage":"va"},{"@type":"Organization","@id":"https:\/\/cpi-europe.upv.es\/#organization","name":"CPI Europe","url":"https:\/\/cpi-europe.upv.es\/","logo":{"@type":"ImageObject","inLanguage":"va","@id":"https:\/\/cpi-europe.upv.es\/#\/schema\/logo\/image\/","url":"https:\/\/cpi-europe.upv.es\/wp-content\/uploads\/2020\/12\/logo-cpi-web-ok.png","contentUrl":"https:\/\/cpi-europe.upv.es\/wp-content\/uploads\/2020\/12\/logo-cpi-web-ok.png","width":869,"height":111,"caption":"CPI Europe"},"image":{"@id":"https:\/\/cpi-europe.upv.es\/#\/schema\/logo\/image\/"},"sameAs":["https:\/\/www.facebook.com\/UPV","https:\/\/x.com\/UPV","https:\/\/www.instagram.com\/instaUPV\/"]}]}},"_links":{"self":[{"href":"https:\/\/cpi-europe.upv.es\/val\/wp-json\/wp\/v2\/pages\/932","targetHints":{"allow":["GET"]}}],"collection":[{"href":"https:\/\/cpi-europe.upv.es\/val\/wp-json\/wp\/v2\/pages"}],"about":[{"href":"https:\/\/cpi-europe.upv.es\/val\/wp-json\/wp\/v2\/types\/page"}],"author":[{"embeddable":true,"href":"https:\/\/cpi-europe.upv.es\/val\/wp-json\/wp\/v2\/users\/1"}],"replies":[{"embeddable":true,"href":"https:\/\/cpi-europe.upv.es\/val\/wp-json\/wp\/v2\/comments?post=932"}],"version-history":[{"count":5,"href":"https:\/\/cpi-europe.upv.es\/val\/wp-json\/wp\/v2\/pages\/932\/revisions"}],"predecessor-version":[{"id":973,"href":"https:\/\/cpi-europe.upv.es\/val\/wp-json\/wp\/v2\/pages\/932\/revisions\/973"}],"wp:attachment":[{"href":"https:\/\/cpi-europe.upv.es\/val\/wp-json\/wp\/v2\/media?parent=932"}],"curies":[{"name":"wp","href":"https:\/\/api.w.org\/{rel}","templated":true}]}}