{"id":3174,"date":"2023-10-17T13:37:48","date_gmt":"2023-10-17T11:37:48","guid":{"rendered":"https:\/\/cpi-europe.upv.es\/nodo-6g-ia-copy\/"},"modified":"2025-02-05T13:15:49","modified_gmt":"2025-02-05T12:15:49","slug":"nodo-textileetp","status":"publish","type":"page","link":"https:\/\/cpi-europe.upv.es\/val\/nodo-textileetp\/","title":{"rendered":"Nodo TextileETP"},"content":{"rendered":"<div data-elementor-type=\"wp-page\" data-elementor-id=\"3174\" class=\"elementor elementor-3174\" data-elementor-post-type=\"page\">\n\t\t\t\t\t\t<section class=\"elementor-section elementor-top-section elementor-element elementor-element-6bb9bb10 elementor-section-full_width elementor-section-height-default elementor-section-height-default\" data-id=\"6bb9bb10\" data-element_type=\"section\" data-e-type=\"section\">\n\t\t\t\t\t\t<div class=\"elementor-container elementor-column-gap-default\">\n\t\t\t\t\t<div class=\"elementor-column elementor-col-100 elementor-top-column elementor-element elementor-element-2f82e012\" data-id=\"2f82e012\" data-element_type=\"column\" data-e-type=\"column\">\n\t\t\t<div class=\"elementor-widget-wrap elementor-element-populated\">\n\t\t\t\t\t\t<div class=\"elementor-element elementor-element-49625b6d elementor-widget elementor-widget-image\" data-id=\"49625b6d\" data-element_type=\"widget\" data-e-type=\"widget\" data-widget_type=\"image.default\">\n\t\t\t\t<div class=\"elementor-widget-container\">\n\t\t\t\t\t\t\t\t\t\t\t\t\t\t\t<img fetchpriority=\"high\" decoding=\"async\" width=\"2000\" height=\"730\" src=\"https:\/\/cpi-europe.upv.es\/wp-content\/uploads\/2020\/12\/colaboraciones.jpg\" class=\"attachment-full size-full wp-image-588\" alt=\"\" srcset=\"https:\/\/cpi-europe.upv.es\/wp-content\/uploads\/2020\/12\/colaboraciones.jpg 2000w, https:\/\/cpi-europe.upv.es\/wp-content\/uploads\/2020\/12\/colaboraciones-300x110.jpg 300w, https:\/\/cpi-europe.upv.es\/wp-content\/uploads\/2020\/12\/colaboraciones-1024x374.jpg 1024w, https:\/\/cpi-europe.upv.es\/wp-content\/uploads\/2020\/12\/colaboraciones-768x280.jpg 768w, https:\/\/cpi-europe.upv.es\/wp-content\/uploads\/2020\/12\/colaboraciones-1536x561.jpg 1536w, https:\/\/cpi-europe.upv.es\/wp-content\/uploads\/2020\/12\/colaboraciones-16x6.jpg 16w\" sizes=\"(max-width: 2000px) 100vw, 2000px\" \/>\t\t\t\t\t\t\t\t\t\t\t\t\t\t\t<\/div>\n\t\t\t\t<\/div>\n\t\t\t\t\t<\/div>\n\t\t<\/div>\n\t\t\t\t\t<\/div>\n\t\t<\/section>\n\t\t\t\t<section class=\"elementor-section elementor-top-section elementor-element elementor-element-264c1ffe elementor-section-boxed elementor-section-height-default elementor-section-height-default\" data-id=\"264c1ffe\" data-element_type=\"section\" data-e-type=\"section\">\n\t\t\t\t\t\t<div class=\"elementor-container elementor-column-gap-default\">\n\t\t\t\t\t<div class=\"elementor-column elementor-col-100 elementor-top-column elementor-element elementor-element-4c75d816\" data-id=\"4c75d816\" data-element_type=\"column\" data-e-type=\"column\">\n\t\t\t<div class=\"elementor-widget-wrap elementor-element-populated\">\n\t\t\t\t\t\t<div class=\"elementor-element elementor-element-45152906 elementor-widget elementor-widget-text-editor\" data-id=\"45152906\" data-element_type=\"widget\" data-e-type=\"widget\" data-widget_type=\"text-editor.default\">\n\t\t\t\t<div class=\"elementor-widget-container\">\n\t\t\t\t\t\t\t\t\t<p>HOME \/ <strong>NODO Textile ETP<\/strong><\/p>\t\t\t\t\t\t\t\t<\/div>\n\t\t\t\t<\/div>\n\t\t\t\t\t<\/div>\n\t\t<\/div>\n\t\t\t\t\t<\/div>\n\t\t<\/section>\n\t\t\t\t<section class=\"elementor-section elementor-top-section elementor-element elementor-element-3e97f0b8 elementor-section-boxed elementor-section-height-default elementor-section-height-default\" data-id=\"3e97f0b8\" data-element_type=\"section\" data-e-type=\"section\">\n\t\t\t\t\t\t<div class=\"elementor-container elementor-column-gap-default\">\n\t\t\t\t\t<div class=\"elementor-column elementor-col-100 elementor-top-column elementor-element elementor-element-5f9ba170\" data-id=\"5f9ba170\" data-element_type=\"column\" data-e-type=\"column\">\n\t\t\t<div class=\"elementor-widget-wrap elementor-element-populated\">\n\t\t\t\t\t\t<div class=\"elementor-element elementor-element-2e382c57 elementor-widget elementor-widget-heading\" data-id=\"2e382c57\" data-element_type=\"widget\" data-e-type=\"widget\" data-widget_type=\"heading.default\">\n\t\t\t\t<div class=\"elementor-widget-container\">\n\t\t\t\t\t<h2 class=\"elementor-heading-title elementor-size-default\">Nodo Textile etp<\/h2>\t\t\t\t<\/div>\n\t\t\t\t<\/div>\n\t\t\t\t<div class=\"elementor-element elementor-element-1883f12c elementor-widget-divider--view-line elementor-widget elementor-widget-divider\" data-id=\"1883f12c\" data-element_type=\"widget\" data-e-type=\"widget\" data-widget_type=\"divider.default\">\n\t\t\t\t<div class=\"elementor-widget-container\">\n\t\t\t\t\t\t\t<div class=\"elementor-divider\">\n\t\t\t<span class=\"elementor-divider-separator\">\n\t\t\t\t\t\t<\/span>\n\t\t<\/div>\n\t\t\t\t\t\t<\/div>\n\t\t\t\t<\/div>\n\t\t\t\t<div class=\"elementor-element elementor-element-fd0a804 elementor-widget elementor-widget-text-editor\" data-id=\"fd0a804\" data-element_type=\"widget\" data-e-type=\"widget\" data-widget_type=\"text-editor.default\">\n\t\t\t\t<div class=\"elementor-widget-container\">\n\t\t\t\t\t\t\t\t\t<p>El <strong>nodo UPV<\/strong> vinculado a la asociaci\u00f3n Textile ETP (European Technology Platform for the Future of Textiles and Clothing, vinculada a la European Partnership Textiles of the Future) est\u00e1 conformado por las siguientes estructuras de investigaci\u00f3n:<\/p><ul><li>Grupo Gesti\u00f3n Integral en la Industria Textil (GIITEX).<\/li><li>Centro de Investigaci\u00f3n en Tecnolog\u00edas Gr\u00e1ficas (CITG).<\/li><\/ul><p>El\u00a0<strong>representante<\/strong>\u00a0<strong>UPV<\/strong>\u00a0en la asociaci\u00f3n es Jaime Gisbert Pay\u00e1 (GIITEX).<\/p>\t\t\t\t\t\t\t\t<\/div>\n\t\t\t\t<\/div>\n\t\t\t\t<div class=\"elementor-element elementor-element-8854bab elementor-skin-carousel elementor-arrows-yes elementor-pagination-type-bullets elementor-pagination-position-outside elementor-widget elementor-widget-media-carousel\" data-id=\"8854bab\" data-element_type=\"widget\" data-e-type=\"widget\" data-settings=\"{&quot;slides_per_view&quot;:&quot;4&quot;,&quot;space_between&quot;:{&quot;unit&quot;:&quot;px&quot;,&quot;size&quot;:20,&quot;sizes&quot;:[]},&quot;autoplay_speed&quot;:2500,&quot;skin&quot;:&quot;carousel&quot;,&quot;effect&quot;:&quot;slide&quot;,&quot;show_arrows&quot;:&quot;yes&quot;,&quot;pagination&quot;:&quot;bullets&quot;,&quot;speed&quot;:500,&quot;autoplay&quot;:&quot;yes&quot;,&quot;loop&quot;:&quot;yes&quot;,&quot;pause_on_hover&quot;:&quot;yes&quot;,&quot;pause_on_interaction&quot;:&quot;yes&quot;,&quot;space_between_tablet&quot;:{&quot;unit&quot;:&quot;px&quot;,&quot;size&quot;:10,&quot;sizes&quot;:[]},&quot;space_between_mobile&quot;:{&quot;unit&quot;:&quot;px&quot;,&quot;size&quot;:10,&quot;sizes&quot;:[]}}\" data-widget_type=\"media-carousel.default\">\n\t\t\t\t<div class=\"elementor-widget-container\">\n\t\t\t\t\t\t\t\t\t<div class=\"elementor-swiper\">\n\t\t\t\t\t<div class=\"elementor-main-swiper swiper\" role=\"region\" aria-roledescription=\"carousel\" aria-label=\"Slides\">\n\t\t\t\t<div class=\"swiper-wrapper\">\n\t\t\t\t\t\t\t\t\t\t\t<div class=\"swiper-slide\" role=\"group\" aria-roledescription=\"slide\">\n\t\t\t\t\t\t\t<a href=\"http:\/\/www.citg.es\/\" target=\"_blank\">\t\t<div class=\"elementor-carousel-image\" role=\"img\" aria-label=\"citg\" style=\"background-image: url(&#039;https:\/\/cpi-europe.upv.es\/wp-content\/uploads\/2025\/02\/citg.jpg&#039;)\">\n\n\t\t\t\n\t\t\t\t\t<\/div>\n\t\t<\/a>\t\t\t\t\t\t<\/div>\n\t\t\t\t\t\t\t\t\t<\/div>\n\t\t\t\t\t\t\t<\/div>\n\t\t\t\t<\/div>\n\t\t\t\t\t\t\t\t<\/div>\n\t\t\t\t<\/div>\n\t\t\t\t\t<\/div>\n\t\t<\/div>\n\t\t\t\t\t<\/div>\n\t\t<\/section>\n\t\t\t\t<\/div>","protected":false},"excerpt":{"rendered":"<p>HOME \/ NODO Textile ETP Nodo Textile etp El nodo UPV vinculado a la asociaci\u00f3n Textile ETP (European Technology Platform for the Future of Textiles and Clothing, vinculada a la European Partnership Textiles of the Future) est\u00e1 conformado por las siguientes estructuras de investigaci\u00f3n: Grupo Gesti\u00f3n Integral en la Industria Textil (GIITEX). Centro de Investigaci\u00f3n &hellip;<\/p>\n<p class=\"read-more\"> <a class=\"\" href=\"https:\/\/cpi-europe.upv.es\/val\/nodo-textileetp\/\"> <span class=\"screen-reader-text\">Nodo TextileETP<\/span> Read More \u00bb<\/a><\/p>","protected":false},"author":4,"featured_media":0,"parent":0,"menu_order":0,"comment_status":"closed","ping_status":"closed","template":"","meta":{"content-type":"","_monsterinsights_skip_tracking":false,"_monsterinsights_sitenote_active":false,"_monsterinsights_sitenote_note":"","_monsterinsights_sitenote_category":0,"footnotes":""},"class_list":["post-3174","page","type-page","status-publish","hentry"],"yoast_head":"<!-- This site is optimized with the Yoast SEO plugin v27.1.1 - https:\/\/yoast.com\/product\/yoast-seo-wordpress\/ -->\n<title>Nodo TextileETP | CPI EUROPE<\/title>\n<meta name=\"description\" content=\"CPI EUROPE, en colaboraci\u00f3n con UPV INNOVACION apoya la colaboraci\u00f3n de grupos de investigaci\u00f3n de la UPV con empresas y entidades.\" \/>\n<meta name=\"robots\" content=\"index, follow, max-snippet:-1, max-image-preview:large, max-video-preview:-1\" \/>\n<link rel=\"canonical\" href=\"https:\/\/cpi-europe.upv.es\/val\/nodo-textileetp\/\" \/>\n<meta property=\"og:locale\" content=\"en_US\" \/>\n<meta property=\"og:type\" content=\"article\" \/>\n<meta property=\"og:title\" content=\"Nodo TextileETP | CPI EUROPE\" \/>\n<meta property=\"og:description\" content=\"CPI EUROPE, en colaboraci\u00f3n con UPV INNOVACION apoya la colaboraci\u00f3n de grupos de investigaci\u00f3n de la UPV con empresas y entidades.\" \/>\n<meta property=\"og:url\" content=\"https:\/\/cpi-europe.upv.es\/val\/nodo-textileetp\/\" \/>\n<meta property=\"og:site_name\" content=\"CPI EUROPE\" \/>\n<meta property=\"article:publisher\" content=\"https:\/\/www.facebook.com\/UPV\" \/>\n<meta property=\"article:modified_time\" content=\"2025-02-05T12:15:49+00:00\" \/>\n<meta property=\"og:image\" content=\"https:\/\/cpi-europe.upv.es\/wp-content\/uploads\/2020\/12\/colaboraciones.jpg\" \/>\n<meta name=\"twitter:card\" content=\"summary_large_image\" \/>\n<meta name=\"twitter:site\" content=\"@UPV\" \/>\n<meta name=\"twitter:label1\" content=\"Est. reading time\" \/>\n\t<meta name=\"twitter:data1\" content=\"1 minute\" \/>\n<script type=\"application\/ld+json\" class=\"yoast-schema-graph\">{\"@context\":\"https:\/\/schema.org\",\"@graph\":[{\"@type\":\"WebPage\",\"@id\":\"https:\/\/cpi-europe.upv.es\/nodo-textileetp\/\",\"url\":\"https:\/\/cpi-europe.upv.es\/nodo-textileetp\/\",\"name\":\"Nodo TextileETP | CPI EUROPE\",\"isPartOf\":{\"@id\":\"https:\/\/cpi-europe.upv.es\/#website\"},\"primaryImageOfPage\":{\"@id\":\"https:\/\/cpi-europe.upv.es\/nodo-textileetp\/#primaryimage\"},\"image\":{\"@id\":\"https:\/\/cpi-europe.upv.es\/nodo-textileetp\/#primaryimage\"},\"thumbnailUrl\":\"https:\/\/cpi-europe.upv.es\/wp-content\/uploads\/2020\/12\/colaboraciones.jpg\",\"datePublished\":\"2023-10-17T11:37:48+00:00\",\"dateModified\":\"2025-02-05T12:15:49+00:00\",\"description\":\"CPI EUROPE, en colaboraci\u00f3n con UPV INNOVACION apoya la colaboraci\u00f3n de grupos de investigaci\u00f3n de la UPV con empresas y entidades.\",\"breadcrumb\":{\"@id\":\"https:\/\/cpi-europe.upv.es\/nodo-textileetp\/#breadcrumb\"},\"inLanguage\":\"va\",\"potentialAction\":[{\"@type\":\"ReadAction\",\"target\":[\"https:\/\/cpi-europe.upv.es\/nodo-textileetp\/\"]}]},{\"@type\":\"ImageObject\",\"inLanguage\":\"va\",\"@id\":\"https:\/\/cpi-europe.upv.es\/nodo-textileetp\/#primaryimage\",\"url\":\"https:\/\/cpi-europe.upv.es\/wp-content\/uploads\/2020\/12\/colaboraciones.jpg\",\"contentUrl\":\"https:\/\/cpi-europe.upv.es\/wp-content\/uploads\/2020\/12\/colaboraciones.jpg\"},{\"@type\":\"BreadcrumbList\",\"@id\":\"https:\/\/cpi-europe.upv.es\/nodo-textileetp\/#breadcrumb\",\"itemListElement\":[{\"@type\":\"ListItem\",\"position\":1,\"name\":\"Portada\",\"item\":\"https:\/\/cpi-europe.upv.es\/\"},{\"@type\":\"ListItem\",\"position\":2,\"name\":\"Nodo TextileETP\"}]},{\"@type\":\"WebSite\",\"@id\":\"https:\/\/cpi-europe.upv.es\/#website\",\"url\":\"https:\/\/cpi-europe.upv.es\/\",\"name\":\"CPI EUROPE\",\"description\":\"\",\"publisher\":{\"@id\":\"https:\/\/cpi-europe.upv.es\/#organization\"},\"potentialAction\":[{\"@type\":\"SearchAction\",\"target\":{\"@type\":\"EntryPoint\",\"urlTemplate\":\"https:\/\/cpi-europe.upv.es\/?s={search_term_string}\"},\"query-input\":{\"@type\":\"PropertyValueSpecification\",\"valueRequired\":true,\"valueName\":\"search_term_string\"}}],\"inLanguage\":\"va\"},{\"@type\":\"Organization\",\"@id\":\"https:\/\/cpi-europe.upv.es\/#organization\",\"name\":\"CPI Europe\",\"url\":\"https:\/\/cpi-europe.upv.es\/\",\"logo\":{\"@type\":\"ImageObject\",\"inLanguage\":\"va\",\"@id\":\"https:\/\/cpi-europe.upv.es\/#\/schema\/logo\/image\/\",\"url\":\"https:\/\/cpi-europe.upv.es\/wp-content\/uploads\/2020\/12\/logo-cpi-web-ok.png\",\"contentUrl\":\"https:\/\/cpi-europe.upv.es\/wp-content\/uploads\/2020\/12\/logo-cpi-web-ok.png\",\"width\":869,\"height\":111,\"caption\":\"CPI Europe\"},\"image\":{\"@id\":\"https:\/\/cpi-europe.upv.es\/#\/schema\/logo\/image\/\"},\"sameAs\":[\"https:\/\/www.facebook.com\/UPV\",\"https:\/\/x.com\/UPV\",\"https:\/\/www.instagram.com\/instaUPV\/\"]}]}<\/script>\n<!-- \/ Yoast SEO plugin. -->","yoast_head_json":{"title":"Nodo TextileETP | CPI EUROPE","description":"CPI EUROPE, juntament amb UPV INNOVACI\u00d3N, dona suport als grups de recerca de la UPV per a refor\u00e7ar les relacions amb empreses i entitats.","robots":{"index":"index","follow":"follow","max-snippet":"max-snippet:-1","max-image-preview":"max-image-preview:large","max-video-preview":"max-video-preview:-1"},"canonical":"https:\/\/cpi-europe.upv.es\/val\/nodo-textileetp\/","og_locale":"en_US","og_type":"article","og_title":"Nodo TextileETP | CPI EUROPE","og_description":"CPI EUROPE, en colaboraci\u00f3n con UPV INNOVACION apoya la colaboraci\u00f3n de grupos de investigaci\u00f3n de la UPV con empresas y entidades.","og_url":"https:\/\/cpi-europe.upv.es\/val\/nodo-textileetp\/","og_site_name":"CPI EUROPE","article_publisher":"https:\/\/www.facebook.com\/UPV","article_modified_time":"2025-02-05T12:15:49+00:00","og_image":[{"url":"https:\/\/cpi-europe.upv.es\/wp-content\/uploads\/2020\/12\/colaboraciones.jpg","type":"","width":"","height":""}],"twitter_card":"summary_large_image","twitter_site":"@UPV","twitter_misc":{"Est. reading time":"1 minute"},"schema":{"@context":"https:\/\/schema.org","@graph":[{"@type":"WebPage","@id":"https:\/\/cpi-europe.upv.es\/nodo-textileetp\/","url":"https:\/\/cpi-europe.upv.es\/nodo-textileetp\/","name":"Nodo TextileETP | CPI EUROPE","isPartOf":{"@id":"https:\/\/cpi-europe.upv.es\/#website"},"primaryImageOfPage":{"@id":"https:\/\/cpi-europe.upv.es\/nodo-textileetp\/#primaryimage"},"image":{"@id":"https:\/\/cpi-europe.upv.es\/nodo-textileetp\/#primaryimage"},"thumbnailUrl":"https:\/\/cpi-europe.upv.es\/wp-content\/uploads\/2020\/12\/colaboraciones.jpg","datePublished":"2023-10-17T11:37:48+00:00","dateModified":"2025-02-05T12:15:49+00:00","description":"CPI EUROPE, juntament amb UPV INNOVACI\u00d3N, dona suport als grups de recerca de la UPV per a refor\u00e7ar les relacions amb empreses i entitats.","breadcrumb":{"@id":"https:\/\/cpi-europe.upv.es\/nodo-textileetp\/#breadcrumb"},"inLanguage":"va","potentialAction":[{"@type":"ReadAction","target":["https:\/\/cpi-europe.upv.es\/nodo-textileetp\/"]}]},{"@type":"ImageObject","inLanguage":"va","@id":"https:\/\/cpi-europe.upv.es\/nodo-textileetp\/#primaryimage","url":"https:\/\/cpi-europe.upv.es\/wp-content\/uploads\/2020\/12\/colaboraciones.jpg","contentUrl":"https:\/\/cpi-europe.upv.es\/wp-content\/uploads\/2020\/12\/colaboraciones.jpg"},{"@type":"BreadcrumbList","@id":"https:\/\/cpi-europe.upv.es\/nodo-textileetp\/#breadcrumb","itemListElement":[{"@type":"ListItem","position":1,"name":"Portada","item":"https:\/\/cpi-europe.upv.es\/"},{"@type":"ListItem","position":2,"name":"Nodo TextileETP"}]},{"@type":"WebSite","@id":"https:\/\/cpi-europe.upv.es\/#website","url":"https:\/\/cpi-europe.upv.es\/","name":"CPI EUROPE","description":"","publisher":{"@id":"https:\/\/cpi-europe.upv.es\/#organization"},"potentialAction":[{"@type":"SearchAction","target":{"@type":"EntryPoint","urlTemplate":"https:\/\/cpi-europe.upv.es\/?s={search_term_string}"},"query-input":{"@type":"PropertyValueSpecification","valueRequired":true,"valueName":"search_term_string"}}],"inLanguage":"va"},{"@type":"Organization","@id":"https:\/\/cpi-europe.upv.es\/#organization","name":"CPI Europe","url":"https:\/\/cpi-europe.upv.es\/","logo":{"@type":"ImageObject","inLanguage":"va","@id":"https:\/\/cpi-europe.upv.es\/#\/schema\/logo\/image\/","url":"https:\/\/cpi-europe.upv.es\/wp-content\/uploads\/2020\/12\/logo-cpi-web-ok.png","contentUrl":"https:\/\/cpi-europe.upv.es\/wp-content\/uploads\/2020\/12\/logo-cpi-web-ok.png","width":869,"height":111,"caption":"CPI Europe"},"image":{"@id":"https:\/\/cpi-europe.upv.es\/#\/schema\/logo\/image\/"},"sameAs":["https:\/\/www.facebook.com\/UPV","https:\/\/x.com\/UPV","https:\/\/www.instagram.com\/instaUPV\/"]}]}},"_links":{"self":[{"href":"https:\/\/cpi-europe.upv.es\/val\/wp-json\/wp\/v2\/pages\/3174","targetHints":{"allow":["GET"]}}],"collection":[{"href":"https:\/\/cpi-europe.upv.es\/val\/wp-json\/wp\/v2\/pages"}],"about":[{"href":"https:\/\/cpi-europe.upv.es\/val\/wp-json\/wp\/v2\/types\/page"}],"author":[{"embeddable":true,"href":"https:\/\/cpi-europe.upv.es\/val\/wp-json\/wp\/v2\/users\/4"}],"replies":[{"embeddable":true,"href":"https:\/\/cpi-europe.upv.es\/val\/wp-json\/wp\/v2\/comments?post=3174"}],"version-history":[{"count":5,"href":"https:\/\/cpi-europe.upv.es\/val\/wp-json\/wp\/v2\/pages\/3174\/revisions"}],"predecessor-version":[{"id":3960,"href":"https:\/\/cpi-europe.upv.es\/val\/wp-json\/wp\/v2\/pages\/3174\/revisions\/3960"}],"wp:attachment":[{"href":"https:\/\/cpi-europe.upv.es\/val\/wp-json\/wp\/v2\/media?parent=3174"}],"curies":[{"name":"wp","href":"https:\/\/api.w.org\/{rel}","templated":true}]}}