{"id":3,"date":"2020-12-02T10:26:24","date_gmt":"2020-12-02T09:26:24","guid":{"rendered":"https:\/\/cpi.induze.biz\/?page_id=3"},"modified":"2021-01-14T12:19:55","modified_gmt":"2021-01-14T11:19:55","slug":"politica-de-privacidad","status":"publish","type":"page","link":"https:\/\/cpi-europe.upv.es\/val\/politica-de-privacidad\/","title":{"rendered":"Pol\u00edtica de privacidad"},"content":{"rendered":"<div data-elementor-type=\"wp-page\" data-elementor-id=\"3\" class=\"elementor elementor-3\" data-elementor-post-type=\"page\">\n\t\t\t\t\t\t<section class=\"elementor-section elementor-top-section elementor-element elementor-element-2740f043 elementor-section-boxed elementor-section-height-default elementor-section-height-default\" data-id=\"2740f043\" data-element_type=\"section\" data-e-type=\"section\">\n\t\t\t\t\t\t<div class=\"elementor-container elementor-column-gap-default\">\n\t\t\t\t\t<div class=\"elementor-column elementor-col-100 elementor-top-column elementor-element elementor-element-4e2531bf\" data-id=\"4e2531bf\" data-element_type=\"column\" data-e-type=\"column\">\n\t\t\t<div class=\"elementor-widget-wrap elementor-element-populated\">\n\t\t\t\t\t\t<div class=\"elementor-element elementor-element-91bd55b elementor-widget elementor-widget-text-editor\" data-id=\"91bd55b\" data-element_type=\"widget\" data-e-type=\"widget\" data-widget_type=\"text-editor.default\">\n\t\t\t\t<div class=\"elementor-widget-container\">\n\t\t\t\t\t\t\t\t\t<h2>POL\u00cdTICA DE PROTECCI\u00d3 DE DADES<\/h2><p>En compliment del Reglament (UE) 2016\/679, del Parlament Europeu i del Consell, de 27 d\u2019abril de 2016, i de la Llei org\u00e0nica 3\/2018, de 5 de desembre, de protecci\u00f3 de dades personals i garantia dels drets digitals, a continuaci\u00f3 s\u2019indica la informaci\u00f3 seg\u00fcent:<\/p><p><strong>Responsable<\/strong>L\u2019entitat titular del domini web \u00e9s la Universitat Polit\u00e8cnica de Val\u00e8ncia, amb domicili a aquest efecte al cam\u00ed de Vera, s\/n, 46022 Val\u00e8ncia, i amb n\u00famero de CIF.: Q-4618002B.<\/p><p><strong>Dades de contacte de la persona delegada de protecci\u00f3 de dades.<\/strong> Podeu posar-vos en contacte amb la persona delegada de protecci\u00f3 de dades mitjan\u00e7ant un correu electr\u00f2nic enviat al compte dpd@upv.es o mitjan\u00e7ant un escrit dirigit a la Secretaria General de la UPV.<\/p><p><strong>Finalitats i base jur\u00eddica del tractament.<\/strong> Les dades personals es tracten amb la finalitat de permetre una futura comunicaci\u00f3 a trav\u00e9s del correu electr\u00f2nic en relaci\u00f3 amb els diversos serveis sol\u00b7licitats a CPI EUROPE, com ara notificaci\u00f3 de novetats en el programa marc Horizon Europe, convocat\u00f2ries i activitats d\u2019inter\u00e8s, entre d\u2019altres. La informaci\u00f3 obtinguda a trav\u00e9s dels formularis d\u2019aquesta web no se cedeix a tercers ni es preveuen transfer\u00e8ncies internacionals de dades.<\/p><p><strong>Criteris de conservaci\u00f3.<\/strong> Les dades personals es conserven durant el temps que calga per a una correcta execuci\u00f3 dels serveis sol\u00b7licitats dins del programa marc Horizon Europe i, tamb\u00e9, durant la transici\u00f3 al seg\u00fcent programa marc durant el temps de conservaci\u00f3 previst en la legislaci\u00f3 aplicable.<\/p><p><strong>Exercici de drets.<\/strong> Les persones interessades poden exercir sobre les seues dades els drets d\u2019acc\u00e9s, rectificaci\u00f3, supressi\u00f3, portabilitat, limitaci\u00f3 i oposici\u00f3 al tractament mitjan\u00e7ant l\u2019aportaci\u00f3 de la c\u00f2pia d\u2019un document oficial d\u2019identificaci\u00f3 (NIF, NIE o passaport) i, si \u00e9s necessari, documentaci\u00f3 acreditativa de la sol\u00b7licitud davant de:<\/p><p>UNIVERSITAT POLIT\u00c8CNICA DE VAL\u00c8NCIA<br \/>Persona delegada de protecci\u00f3n de datos de la UPV<br \/>Secretar\u00eda General<br \/>Camino de Vera, s\/n<br \/>46022 &#8211; Val\u00e8ncia<\/p><p><strong>Autoritat de protecci\u00f3 de dades.<\/strong> Les persones interessades tenen el dret de presentar reclamacions davant de l\u2019Ag\u00e8ncia Espanyola de Protecci\u00f3 de Dades.<\/p>\t\t\t\t\t\t\t\t<\/div>\n\t\t\t\t<\/div>\n\t\t\t\t\t<\/div>\n\t\t<\/div>\n\t\t\t\t\t<\/div>\n\t\t<\/section>\n\t\t\t\t<\/div>","protected":false},"excerpt":{"rendered":"<p>POL\u00cdTICA DE PROTECCI\u00d3N DE DATOS En cumplimiento del Reglamento (UE) 2016\/679, del Parlamento Europeo y del Consejo, de 27 de abril de 2016, y de la Ley Org\u00e1nica 3\/2018, de 5 de diciembre, de protecci\u00f3n de datos personales y garant\u00eda de los derechos digitales, a continuaci\u00f3n se indica la informaci\u00f3n siguiente: Responsable. La entidad titular &hellip;<\/p>\n<p class=\"read-more\"> <a class=\"\" href=\"https:\/\/cpi-europe.upv.es\/val\/politica-de-privacidad\/\"> <span class=\"screen-reader-text\">Pol\u00edtica de privacidad<\/span> Read More \u00bb<\/a><\/p>","protected":false},"author":1,"featured_media":0,"parent":0,"menu_order":0,"comment_status":"closed","ping_status":"closed","template":"","meta":{"content-type":"","_monsterinsights_skip_tracking":false,"_monsterinsights_sitenote_active":false,"_monsterinsights_sitenote_note":"","_monsterinsights_sitenote_category":0,"footnotes":""},"class_list":["post-3","page","type-page","status-publish","hentry"],"yoast_head":"<!-- This site is optimized with the Yoast SEO plugin v27.1.1 - https:\/\/yoast.com\/product\/yoast-seo-wordpress\/ -->\n<title>Pol\u00edtica de privacidad | CPI EUROPE<\/title>\n<meta name=\"robots\" content=\"noindex, follow\" \/>\n<meta property=\"og:locale\" content=\"en_US\" \/>\n<meta property=\"og:type\" content=\"article\" \/>\n<meta property=\"og:title\" content=\"Pol\u00edtica de privacidad | CPI EUROPE\" \/>\n<meta property=\"og:description\" content=\"POL\u00cdTICA DE PROTECCI\u00d3N DE DATOS En cumplimiento del Reglamento (UE) 2016\/679, del Parlamento Europeo y del Consejo, de 27 de abril de 2016, y de la Ley Org\u00e1nica 3\/2018, de 5 de diciembre, de protecci\u00f3n de datos personales y garant\u00eda de los derechos digitales, a continuaci\u00f3n se indica la informaci\u00f3n siguiente: Responsable. La entidad titular &hellip; Pol\u00edtica de privacidad Read More \u00bb\" \/>\n<meta property=\"og:url\" content=\"https:\/\/cpi-europe.upv.es\/val\/politica-de-privacidad\/\" \/>\n<meta property=\"og:site_name\" content=\"CPI EUROPE\" \/>\n<meta property=\"article:publisher\" content=\"https:\/\/www.facebook.com\/UPV\" \/>\n<meta property=\"article:modified_time\" content=\"2021-01-14T11:19:55+00:00\" \/>\n<meta name=\"twitter:card\" content=\"summary_large_image\" \/>\n<meta name=\"twitter:site\" content=\"@UPV\" \/>\n<meta name=\"twitter:label1\" content=\"Est. reading time\" \/>\n\t<meta name=\"twitter:data1\" content=\"2 minutes\" \/>\n<script type=\"application\/ld+json\" class=\"yoast-schema-graph\">{\"@context\":\"https:\/\/schema.org\",\"@graph\":[{\"@type\":\"WebPage\",\"@id\":\"https:\/\/cpi-europe.upv.es\/politica-de-privacidad\/\",\"url\":\"https:\/\/cpi-europe.upv.es\/politica-de-privacidad\/\",\"name\":\"Pol\u00edtica de privacidad | CPI EUROPE\",\"isPartOf\":{\"@id\":\"https:\/\/cpi-europe.upv.es\/#website\"},\"datePublished\":\"2020-12-02T09:26:24+00:00\",\"dateModified\":\"2021-01-14T11:19:55+00:00\",\"breadcrumb\":{\"@id\":\"https:\/\/cpi-europe.upv.es\/politica-de-privacidad\/#breadcrumb\"},\"inLanguage\":\"va\",\"potentialAction\":[{\"@type\":\"ReadAction\",\"target\":[\"https:\/\/cpi-europe.upv.es\/politica-de-privacidad\/\"]}]},{\"@type\":\"BreadcrumbList\",\"@id\":\"https:\/\/cpi-europe.upv.es\/politica-de-privacidad\/#breadcrumb\",\"itemListElement\":[{\"@type\":\"ListItem\",\"position\":1,\"name\":\"Portada\",\"item\":\"https:\/\/cpi-europe.upv.es\/\"},{\"@type\":\"ListItem\",\"position\":2,\"name\":\"Pol\u00edtica de privacidad\"}]},{\"@type\":\"WebSite\",\"@id\":\"https:\/\/cpi-europe.upv.es\/#website\",\"url\":\"https:\/\/cpi-europe.upv.es\/\",\"name\":\"CPI EUROPE\",\"description\":\"\",\"publisher\":{\"@id\":\"https:\/\/cpi-europe.upv.es\/#organization\"},\"potentialAction\":[{\"@type\":\"SearchAction\",\"target\":{\"@type\":\"EntryPoint\",\"urlTemplate\":\"https:\/\/cpi-europe.upv.es\/?s={search_term_string}\"},\"query-input\":{\"@type\":\"PropertyValueSpecification\",\"valueRequired\":true,\"valueName\":\"search_term_string\"}}],\"inLanguage\":\"va\"},{\"@type\":\"Organization\",\"@id\":\"https:\/\/cpi-europe.upv.es\/#organization\",\"name\":\"CPI Europe\",\"url\":\"https:\/\/cpi-europe.upv.es\/\",\"logo\":{\"@type\":\"ImageObject\",\"inLanguage\":\"va\",\"@id\":\"https:\/\/cpi-europe.upv.es\/#\/schema\/logo\/image\/\",\"url\":\"https:\/\/cpi-europe.upv.es\/wp-content\/uploads\/2020\/12\/logo-cpi-web-ok.png\",\"contentUrl\":\"https:\/\/cpi-europe.upv.es\/wp-content\/uploads\/2020\/12\/logo-cpi-web-ok.png\",\"width\":869,\"height\":111,\"caption\":\"CPI Europe\"},\"image\":{\"@id\":\"https:\/\/cpi-europe.upv.es\/#\/schema\/logo\/image\/\"},\"sameAs\":[\"https:\/\/www.facebook.com\/UPV\",\"https:\/\/x.com\/UPV\",\"https:\/\/www.instagram.com\/instaUPV\/\"]}]}<\/script>\n<!-- \/ Yoast SEO plugin. -->","yoast_head_json":{"title":"Pol\u00edtica de privacidad | CPI EUROPE","robots":{"index":"noindex","follow":"follow"},"og_locale":"en_US","og_type":"article","og_title":"Pol\u00edtica de privacidad | CPI EUROPE","og_description":"POL\u00cdTICA DE PROTECCI\u00d3N DE DATOS En cumplimiento del Reglamento (UE) 2016\/679, del Parlamento Europeo y del Consejo, de 27 de abril de 2016, y de la Ley Org\u00e1nica 3\/2018, de 5 de diciembre, de protecci\u00f3n de datos personales y garant\u00eda de los derechos digitales, a continuaci\u00f3n se indica la informaci\u00f3n siguiente: Responsable. La entidad titular &hellip; Pol\u00edtica de privacidad Read More \u00bb","og_url":"https:\/\/cpi-europe.upv.es\/val\/politica-de-privacidad\/","og_site_name":"CPI EUROPE","article_publisher":"https:\/\/www.facebook.com\/UPV","article_modified_time":"2021-01-14T11:19:55+00:00","twitter_card":"summary_large_image","twitter_site":"@UPV","twitter_misc":{"Est. reading time":"2 minutes"},"schema":{"@context":"https:\/\/schema.org","@graph":[{"@type":"WebPage","@id":"https:\/\/cpi-europe.upv.es\/politica-de-privacidad\/","url":"https:\/\/cpi-europe.upv.es\/politica-de-privacidad\/","name":"Pol\u00edtica de privacidad | CPI EUROPE","isPartOf":{"@id":"https:\/\/cpi-europe.upv.es\/#website"},"datePublished":"2020-12-02T09:26:24+00:00","dateModified":"2021-01-14T11:19:55+00:00","breadcrumb":{"@id":"https:\/\/cpi-europe.upv.es\/politica-de-privacidad\/#breadcrumb"},"inLanguage":"va","potentialAction":[{"@type":"ReadAction","target":["https:\/\/cpi-europe.upv.es\/politica-de-privacidad\/"]}]},{"@type":"BreadcrumbList","@id":"https:\/\/cpi-europe.upv.es\/politica-de-privacidad\/#breadcrumb","itemListElement":[{"@type":"ListItem","position":1,"name":"Portada","item":"https:\/\/cpi-europe.upv.es\/"},{"@type":"ListItem","position":2,"name":"Pol\u00edtica de privacidad"}]},{"@type":"WebSite","@id":"https:\/\/cpi-europe.upv.es\/#website","url":"https:\/\/cpi-europe.upv.es\/","name":"CPI EUROPE","description":"","publisher":{"@id":"https:\/\/cpi-europe.upv.es\/#organization"},"potentialAction":[{"@type":"SearchAction","target":{"@type":"EntryPoint","urlTemplate":"https:\/\/cpi-europe.upv.es\/?s={search_term_string}"},"query-input":{"@type":"PropertyValueSpecification","valueRequired":true,"valueName":"search_term_string"}}],"inLanguage":"va"},{"@type":"Organization","@id":"https:\/\/cpi-europe.upv.es\/#organization","name":"CPI Europe","url":"https:\/\/cpi-europe.upv.es\/","logo":{"@type":"ImageObject","inLanguage":"va","@id":"https:\/\/cpi-europe.upv.es\/#\/schema\/logo\/image\/","url":"https:\/\/cpi-europe.upv.es\/wp-content\/uploads\/2020\/12\/logo-cpi-web-ok.png","contentUrl":"https:\/\/cpi-europe.upv.es\/wp-content\/uploads\/2020\/12\/logo-cpi-web-ok.png","width":869,"height":111,"caption":"CPI Europe"},"image":{"@id":"https:\/\/cpi-europe.upv.es\/#\/schema\/logo\/image\/"},"sameAs":["https:\/\/www.facebook.com\/UPV","https:\/\/x.com\/UPV","https:\/\/www.instagram.com\/instaUPV\/"]}]}},"_links":{"self":[{"href":"https:\/\/cpi-europe.upv.es\/val\/wp-json\/wp\/v2\/pages\/3","targetHints":{"allow":["GET"]}}],"collection":[{"href":"https:\/\/cpi-europe.upv.es\/val\/wp-json\/wp\/v2\/pages"}],"about":[{"href":"https:\/\/cpi-europe.upv.es\/val\/wp-json\/wp\/v2\/types\/page"}],"author":[{"embeddable":true,"href":"https:\/\/cpi-europe.upv.es\/val\/wp-json\/wp\/v2\/users\/1"}],"replies":[{"embeddable":true,"href":"https:\/\/cpi-europe.upv.es\/val\/wp-json\/wp\/v2\/comments?post=3"}],"version-history":[{"count":5,"href":"https:\/\/cpi-europe.upv.es\/val\/wp-json\/wp\/v2\/pages\/3\/revisions"}],"predecessor-version":[{"id":1150,"href":"https:\/\/cpi-europe.upv.es\/val\/wp-json\/wp\/v2\/pages\/3\/revisions\/1150"}],"wp:attachment":[{"href":"https:\/\/cpi-europe.upv.es\/val\/wp-json\/wp\/v2\/media?parent=3"}],"curies":[{"name":"wp","href":"https:\/\/api.w.org\/{rel}","templated":true}]}}