{"id":171,"date":"2020-12-16T16:23:42","date_gmt":"2020-12-16T15:23:42","guid":{"rendered":"http:\/\/cpi.induze.biz\/?page_id=171"},"modified":"2024-04-15T14:45:44","modified_gmt":"2024-04-15T12:45:44","slug":"formacion","status":"publish","type":"page","link":"https:\/\/cpi-europe.upv.es\/val\/servicios\/formacion\/","title":{"rendered":"Formacion"},"content":{"rendered":"<div data-elementor-type=\"wp-page\" data-elementor-id=\"171\" class=\"elementor elementor-171\" data-elementor-post-type=\"page\">\n\t\t\t\t\t\t<section class=\"elementor-section elementor-top-section elementor-element elementor-element-35da1f9c elementor-section-full_width elementor-section-height-default elementor-section-height-default\" data-id=\"35da1f9c\" data-element_type=\"section\" data-e-type=\"section\">\n\t\t\t\t\t\t<div class=\"elementor-container elementor-column-gap-default\">\n\t\t\t\t\t<div class=\"elementor-column elementor-col-100 elementor-top-column elementor-element elementor-element-1fe68f1e\" data-id=\"1fe68f1e\" data-element_type=\"column\" data-e-type=\"column\">\n\t\t\t<div class=\"elementor-widget-wrap elementor-element-populated\">\n\t\t\t\t\t\t<div class=\"elementor-element elementor-element-1126e700 elementor-widget elementor-widget-image\" data-id=\"1126e700\" data-element_type=\"widget\" data-e-type=\"widget\" data-widget_type=\"image.default\">\n\t\t\t\t<div class=\"elementor-widget-container\">\n\t\t\t\t\t\t\t\t\t\t\t\t\t\t\t<img fetchpriority=\"high\" decoding=\"async\" width=\"2000\" height=\"729\" src=\"https:\/\/cpi-europe.upv.es\/wp-content\/uploads\/2020\/12\/servicios-formacion.jpg\" class=\"attachment-full size-full wp-image-572\" alt=\"\" srcset=\"https:\/\/cpi-europe.upv.es\/wp-content\/uploads\/2020\/12\/servicios-formacion.jpg 2000w, https:\/\/cpi-europe.upv.es\/wp-content\/uploads\/2020\/12\/servicios-formacion-300x109.jpg 300w, https:\/\/cpi-europe.upv.es\/wp-content\/uploads\/2020\/12\/servicios-formacion-1024x373.jpg 1024w, https:\/\/cpi-europe.upv.es\/wp-content\/uploads\/2020\/12\/servicios-formacion-768x280.jpg 768w, https:\/\/cpi-europe.upv.es\/wp-content\/uploads\/2020\/12\/servicios-formacion-1536x560.jpg 1536w, https:\/\/cpi-europe.upv.es\/wp-content\/uploads\/2020\/12\/servicios-formacion-16x6.jpg 16w\" sizes=\"(max-width: 2000px) 100vw, 2000px\" \/>\t\t\t\t\t\t\t\t\t\t\t\t\t\t\t<\/div>\n\t\t\t\t<\/div>\n\t\t\t\t\t<\/div>\n\t\t<\/div>\n\t\t\t\t\t<\/div>\n\t\t<\/section>\n\t\t\t\t<section class=\"elementor-section elementor-top-section elementor-element elementor-element-3ccaf9d6 elementor-section-boxed elementor-section-height-default elementor-section-height-default\" data-id=\"3ccaf9d6\" data-element_type=\"section\" data-e-type=\"section\">\n\t\t\t\t\t\t<div class=\"elementor-container elementor-column-gap-default\">\n\t\t\t\t\t<div class=\"elementor-column elementor-col-100 elementor-top-column elementor-element elementor-element-2edf412c\" data-id=\"2edf412c\" data-element_type=\"column\" data-e-type=\"column\">\n\t\t\t<div class=\"elementor-widget-wrap elementor-element-populated\">\n\t\t\t\t\t\t<div class=\"elementor-element elementor-element-42358dd3 elementor-widget elementor-widget-text-editor\" data-id=\"42358dd3\" data-element_type=\"widget\" data-e-type=\"widget\" data-widget_type=\"text-editor.default\">\n\t\t\t\t<div class=\"elementor-widget-container\">\n\t\t\t\t\t\t\t\t\t<p>HOME \/ SERVICI \/ <strong>FORMACI\u00d3<\/strong><\/p>\t\t\t\t\t\t\t\t<\/div>\n\t\t\t\t<\/div>\n\t\t\t\t\t<\/div>\n\t\t<\/div>\n\t\t\t\t\t<\/div>\n\t\t<\/section>\n\t\t\t\t<section class=\"elementor-section elementor-top-section elementor-element elementor-element-2471fd78 elementor-section-boxed elementor-section-height-default elementor-section-height-default\" data-id=\"2471fd78\" data-element_type=\"section\" data-e-type=\"section\">\n\t\t\t\t\t\t<div class=\"elementor-container elementor-column-gap-default\">\n\t\t\t\t\t<div class=\"elementor-column elementor-col-100 elementor-top-column elementor-element elementor-element-535ee9d0\" data-id=\"535ee9d0\" data-element_type=\"column\" data-e-type=\"column\">\n\t\t\t<div class=\"elementor-widget-wrap elementor-element-populated\">\n\t\t\t\t\t\t<div class=\"elementor-element elementor-element-1aeae596 elementor-widget elementor-widget-heading\" data-id=\"1aeae596\" data-element_type=\"widget\" data-e-type=\"widget\" data-widget_type=\"heading.default\">\n\t\t\t\t<div class=\"elementor-widget-container\">\n\t\t\t\t\t<h2 class=\"elementor-heading-title elementor-size-default\">FORMACI\u00d3<\/h2>\t\t\t\t<\/div>\n\t\t\t\t<\/div>\n\t\t\t\t<div class=\"elementor-element elementor-element-34aae3a2 elementor-widget-divider--view-line elementor-widget elementor-widget-divider\" data-id=\"34aae3a2\" data-element_type=\"widget\" data-e-type=\"widget\" data-widget_type=\"divider.default\">\n\t\t\t\t<div class=\"elementor-widget-container\">\n\t\t\t\t\t\t\t<div class=\"elementor-divider\">\n\t\t\t<span class=\"elementor-divider-separator\">\n\t\t\t\t\t\t<\/span>\n\t\t<\/div>\n\t\t\t\t\t\t<\/div>\n\t\t\t\t<\/div>\n\t\t\t\t<div class=\"elementor-element elementor-element-6a6ffb58 elementor-widget elementor-widget-text-editor\" data-id=\"6a6ffb58\" data-element_type=\"widget\" data-e-type=\"widget\" data-no-translation=\"\" data-widget_type=\"text-editor.default\">\n\t\t\t\t<div class=\"elementor-widget-container\">\n\t\t\t\t\t<style>.elementor-element-6a6ffb58{display:none !important}<\/style>\t\t\t\t<\/div>\n\t\t\t\t<\/div>\n\t\t\t\t<div class=\"elementor-element elementor-element-15916f9 elementor-widget elementor-widget-text-editor\" data-id=\"15916f9\" data-element_type=\"widget\" data-e-type=\"widget\" data-no-translation=\"\" data-widget_type=\"text-editor.default\">\n\t\t\t\t<div class=\"elementor-widget-container\">\n\t\t\t\t\t\t\t\t\t<p>La dura compet\u00e8ncia dels programes europeus requereix formaci\u00f3 espec\u00edfica. CPI EUROPE ofereix serveis de capacitaci\u00f3 professional a la comunitat universit\u00e0ria de la UPV en diversos \u00e0mbits:<\/p><ul><li>Activitats dirigides a PAS i PDI de la UPV:<ul><li>Tallers de coordinaci\u00f3 i participaci\u00f3 en consorcis de propostes.<\/li><li>Cursos especialitzats de preparaci\u00f3 de propostes.<\/li><\/ul><\/li><li>Activitats dirigides a personal investigador en formaci\u00f3:<ul><li>Curs d\u2019iniciaci\u00f3 a projectes europeus de recerca a trav\u00e9s de l\u2019Escola de Doctorat de la UPV.<\/li><li><em>Aprendre Fent<\/em>: CPI EUROPE ofereix pr\u00e0ctiques de redacci\u00f3 de propostes. La participaci\u00f3 suposa prestar un servei\u00a0<em>freelance<\/em>\u00a0en la preparaci\u00f3 d\u2019una proposta de projecte europeu, de forma totalment coordinada amb l\u2019equip, durant un temps aproximat de tres mesos. Aquesta activitat va destinada a investigadors jovens o estudiants de doctorat de recent titulaci\u00f3.<\/li><\/ul><\/li><\/ul><p>Si t\u2019interessa col\u00b7laborar com a redactor\u00a0<em>freelance<\/em>\u00a0en CPI EUROPE, en la pestanya\u00a0<u><a href=\"https:\/\/cpi-europe.upv.es\/val\/aprender-haciendo\/\">Aprendre Fent<\/a><\/u>\u00a0tens disponibles les demandes actives i, a m\u00e9s, pots enviar-nos el teu CV perqu\u00e8 l&#8217;incorporem a la nostra base de dades.<\/p>\t\t\t\t\t\t\t\t<\/div>\n\t\t\t\t<\/div>\n\t\t\t\t<div class=\"elementor-element elementor-element-614f41d elementor-widget elementor-widget-text-editor\" data-id=\"614f41d\" data-element_type=\"widget\" data-e-type=\"widget\" data-no-translation=\"\" data-widget_type=\"text-editor.default\">\n\t\t\t\t<div class=\"elementor-widget-container\">\n\t\t\t\t\t<style>.elementor-element-614f41d{display:none !important}<\/style>\t\t\t\t<\/div>\n\t\t\t\t<\/div>\n\t\t\t\t\t<\/div>\n\t\t<\/div>\n\t\t\t\t\t<\/div>\n\t\t<\/section>\n\t\t\t\t<\/div>","protected":false},"excerpt":{"rendered":"<p>HOME \/ SERVICIO \/ FORMACI\u00d3N FORMACI\u00d3N La fuerte competencia de los programas europeos requiere de formaci\u00f3n espec\u00edfica. CPI EUROPE ofrece servicios de capacitaci\u00f3n profesional a la comunidad universitaria de la UPV a varios niveles: Actividades dirigidas a PAS y PDI de la UPV: Talleres de coordinaci\u00f3n y participaci\u00f3n en consorcios de propuestas Cursos especializados de &hellip;<\/p>\n<p class=\"read-more\"> <a class=\"\" href=\"https:\/\/cpi-europe.upv.es\/val\/servicios\/formacion\/\"> <span class=\"screen-reader-text\">Formacion<\/span> Read More \u00bb<\/a><\/p>","protected":false},"author":1,"featured_media":572,"parent":165,"menu_order":0,"comment_status":"closed","ping_status":"closed","template":"","meta":{"content-type":"","_monsterinsights_skip_tracking":false,"_monsterinsights_sitenote_active":false,"_monsterinsights_sitenote_note":"","_monsterinsights_sitenote_category":0,"footnotes":""},"class_list":["post-171","page","type-page","status-publish","has-post-thumbnail","hentry"],"yoast_head":"<!-- This site is optimized with the Yoast SEO plugin v27.1.1 - https:\/\/yoast.com\/product\/yoast-seo-wordpress\/ -->\n<title>Formacion | CPI EUROPE<\/title>\n<meta name=\"description\" content=\"La fuerte competencia de los programas europeos requiere de formaci\u00f3n espec\u00edfica. CPI EUROPE ofrece servicios de capacitaci\u00f3n profesional a la comunidad universitaria de la UPV a varios niveles\" \/>\n<meta name=\"robots\" content=\"index, follow, max-snippet:-1, max-image-preview:large, max-video-preview:-1\" \/>\n<link rel=\"canonical\" href=\"https:\/\/cpi-europe.upv.es\/val\/servicios\/formacion\/\" \/>\n<meta property=\"og:locale\" content=\"en_US\" \/>\n<meta property=\"og:type\" content=\"article\" \/>\n<meta property=\"og:title\" content=\"Formacion | CPI EUROPE\" \/>\n<meta property=\"og:description\" content=\"La fuerte competencia de los programas europeos requiere de formaci\u00f3n espec\u00edfica. CPI EUROPE ofrece servicios de capacitaci\u00f3n profesional a la comunidad universitaria de la UPV a varios niveles\" \/>\n<meta property=\"og:url\" content=\"https:\/\/cpi-europe.upv.es\/val\/servicios\/formacion\/\" \/>\n<meta property=\"og:site_name\" content=\"CPI EUROPE\" \/>\n<meta property=\"article:publisher\" content=\"https:\/\/www.facebook.com\/UPV\" \/>\n<meta property=\"article:modified_time\" content=\"2024-04-15T12:45:44+00:00\" \/>\n<meta property=\"og:image\" content=\"https:\/\/cpi-europe.upv.es\/wp-content\/uploads\/2020\/12\/servicios-formacion.jpg\" \/>\n\t<meta property=\"og:image:width\" content=\"2000\" \/>\n\t<meta property=\"og:image:height\" content=\"729\" \/>\n\t<meta property=\"og:image:type\" content=\"image\/jpeg\" \/>\n<meta name=\"twitter:card\" content=\"summary_large_image\" \/>\n<meta name=\"twitter:site\" content=\"@UPV\" \/>\n<meta name=\"twitter:label1\" content=\"Est. reading time\" \/>\n\t<meta name=\"twitter:data1\" content=\"3 minutes\" \/>\n<script type=\"application\/ld+json\" class=\"yoast-schema-graph\">{\"@context\":\"https:\/\/schema.org\",\"@graph\":[{\"@type\":\"WebPage\",\"@id\":\"https:\/\/cpi-europe.upv.es\/servicios\/formacion\/\",\"url\":\"https:\/\/cpi-europe.upv.es\/servicios\/formacion\/\",\"name\":\"Formacion | CPI EUROPE\",\"isPartOf\":{\"@id\":\"https:\/\/cpi-europe.upv.es\/#website\"},\"primaryImageOfPage\":{\"@id\":\"https:\/\/cpi-europe.upv.es\/servicios\/formacion\/#primaryimage\"},\"image\":{\"@id\":\"https:\/\/cpi-europe.upv.es\/servicios\/formacion\/#primaryimage\"},\"thumbnailUrl\":\"https:\/\/cpi-europe.upv.es\/wp-content\/uploads\/2020\/12\/servicios-formacion.jpg\",\"datePublished\":\"2020-12-16T15:23:42+00:00\",\"dateModified\":\"2024-04-15T12:45:44+00:00\",\"description\":\"La fuerte competencia de los programas europeos requiere de formaci\u00f3n espec\u00edfica. CPI EUROPE ofrece servicios de capacitaci\u00f3n profesional a la comunidad universitaria de la UPV a varios niveles\",\"breadcrumb\":{\"@id\":\"https:\/\/cpi-europe.upv.es\/servicios\/formacion\/#breadcrumb\"},\"inLanguage\":\"va\",\"potentialAction\":[{\"@type\":\"ReadAction\",\"target\":[\"https:\/\/cpi-europe.upv.es\/servicios\/formacion\/\"]}]},{\"@type\":\"ImageObject\",\"inLanguage\":\"va\",\"@id\":\"https:\/\/cpi-europe.upv.es\/servicios\/formacion\/#primaryimage\",\"url\":\"https:\/\/cpi-europe.upv.es\/wp-content\/uploads\/2020\/12\/servicios-formacion.jpg\",\"contentUrl\":\"https:\/\/cpi-europe.upv.es\/wp-content\/uploads\/2020\/12\/servicios-formacion.jpg\",\"width\":2000,\"height\":729},{\"@type\":\"BreadcrumbList\",\"@id\":\"https:\/\/cpi-europe.upv.es\/servicios\/formacion\/#breadcrumb\",\"itemListElement\":[{\"@type\":\"ListItem\",\"position\":1,\"name\":\"Portada\",\"item\":\"https:\/\/cpi-europe.upv.es\/\"},{\"@type\":\"ListItem\",\"position\":2,\"name\":\"Servicios\",\"item\":\"https:\/\/cpi-europe.upv.es\/en\/services\/\"},{\"@type\":\"ListItem\",\"position\":3,\"name\":\"Formacion\"}]},{\"@type\":\"WebSite\",\"@id\":\"https:\/\/cpi-europe.upv.es\/#website\",\"url\":\"https:\/\/cpi-europe.upv.es\/\",\"name\":\"CPI EUROPE\",\"description\":\"\",\"publisher\":{\"@id\":\"https:\/\/cpi-europe.upv.es\/#organization\"},\"potentialAction\":[{\"@type\":\"SearchAction\",\"target\":{\"@type\":\"EntryPoint\",\"urlTemplate\":\"https:\/\/cpi-europe.upv.es\/?s={search_term_string}\"},\"query-input\":{\"@type\":\"PropertyValueSpecification\",\"valueRequired\":true,\"valueName\":\"search_term_string\"}}],\"inLanguage\":\"va\"},{\"@type\":\"Organization\",\"@id\":\"https:\/\/cpi-europe.upv.es\/#organization\",\"name\":\"CPI Europe\",\"url\":\"https:\/\/cpi-europe.upv.es\/\",\"logo\":{\"@type\":\"ImageObject\",\"inLanguage\":\"va\",\"@id\":\"https:\/\/cpi-europe.upv.es\/#\/schema\/logo\/image\/\",\"url\":\"https:\/\/cpi-europe.upv.es\/wp-content\/uploads\/2020\/12\/logo-cpi-web-ok.png\",\"contentUrl\":\"https:\/\/cpi-europe.upv.es\/wp-content\/uploads\/2020\/12\/logo-cpi-web-ok.png\",\"width\":869,\"height\":111,\"caption\":\"CPI Europe\"},\"image\":{\"@id\":\"https:\/\/cpi-europe.upv.es\/#\/schema\/logo\/image\/\"},\"sameAs\":[\"https:\/\/www.facebook.com\/UPV\",\"https:\/\/x.com\/UPV\",\"https:\/\/www.instagram.com\/instaUPV\/\"]}]}<\/script>\n<!-- \/ Yoast SEO plugin. -->","yoast_head_json":{"title":"Formaci\u00f3 | CPI EUROPE","description":"La fuerte competencia de los programas europeos requiere de formaci\u00f3n espec\u00edfica. CPI EUROPE ofrece servicios de capacitaci\u00f3n profesional a la comunidad universitaria de la UPV a varios niveles","robots":{"index":"index","follow":"follow","max-snippet":"max-snippet:-1","max-image-preview":"max-image-preview:large","max-video-preview":"max-video-preview:-1"},"canonical":"https:\/\/cpi-europe.upv.es\/val\/servicios\/formacion\/","og_locale":"en_US","og_type":"article","og_title":"Formacion | CPI EUROPE","og_description":"La fuerte competencia de los programas europeos requiere de formaci\u00f3n espec\u00edfica. CPI EUROPE ofrece servicios de capacitaci\u00f3n profesional a la comunidad universitaria de la UPV a varios niveles","og_url":"https:\/\/cpi-europe.upv.es\/val\/servicios\/formacion\/","og_site_name":"CPI EUROPE","article_publisher":"https:\/\/www.facebook.com\/UPV","article_modified_time":"2024-04-15T12:45:44+00:00","og_image":[{"width":2000,"height":729,"url":"https:\/\/cpi-europe.upv.es\/wp-content\/uploads\/2020\/12\/servicios-formacion.jpg","type":"image\/jpeg"}],"twitter_card":"summary_large_image","twitter_site":"@UPV","twitter_misc":{"Est. reading time":"3 minutes"},"schema":{"@context":"https:\/\/schema.org","@graph":[{"@type":"WebPage","@id":"https:\/\/cpi-europe.upv.es\/servicios\/formacion\/","url":"https:\/\/cpi-europe.upv.es\/servicios\/formacion\/","name":"Formaci\u00f3 | CPI EUROPE","isPartOf":{"@id":"https:\/\/cpi-europe.upv.es\/#website"},"primaryImageOfPage":{"@id":"https:\/\/cpi-europe.upv.es\/servicios\/formacion\/#primaryimage"},"image":{"@id":"https:\/\/cpi-europe.upv.es\/servicios\/formacion\/#primaryimage"},"thumbnailUrl":"https:\/\/cpi-europe.upv.es\/wp-content\/uploads\/2020\/12\/servicios-formacion.jpg","datePublished":"2020-12-16T15:23:42+00:00","dateModified":"2024-04-15T12:45:44+00:00","description":"La fuerte competencia de los programas europeos requiere de formaci\u00f3n espec\u00edfica. CPI EUROPE ofrece servicios de capacitaci\u00f3n profesional a la comunidad universitaria de la UPV a varios niveles","breadcrumb":{"@id":"https:\/\/cpi-europe.upv.es\/servicios\/formacion\/#breadcrumb"},"inLanguage":"va","potentialAction":[{"@type":"ReadAction","target":["https:\/\/cpi-europe.upv.es\/servicios\/formacion\/"]}]},{"@type":"ImageObject","inLanguage":"va","@id":"https:\/\/cpi-europe.upv.es\/servicios\/formacion\/#primaryimage","url":"https:\/\/cpi-europe.upv.es\/wp-content\/uploads\/2020\/12\/servicios-formacion.jpg","contentUrl":"https:\/\/cpi-europe.upv.es\/wp-content\/uploads\/2020\/12\/servicios-formacion.jpg","width":2000,"height":729},{"@type":"BreadcrumbList","@id":"https:\/\/cpi-europe.upv.es\/servicios\/formacion\/#breadcrumb","itemListElement":[{"@type":"ListItem","position":1,"name":"Portada","item":"https:\/\/cpi-europe.upv.es\/"},{"@type":"ListItem","position":2,"name":"Servicios","item":"https:\/\/cpi-europe.upv.es\/en\/services\/"},{"@type":"ListItem","position":3,"name":"Formacion"}]},{"@type":"WebSite","@id":"https:\/\/cpi-europe.upv.es\/#website","url":"https:\/\/cpi-europe.upv.es\/","name":"CPI EUROPE","description":"","publisher":{"@id":"https:\/\/cpi-europe.upv.es\/#organization"},"potentialAction":[{"@type":"SearchAction","target":{"@type":"EntryPoint","urlTemplate":"https:\/\/cpi-europe.upv.es\/?s={search_term_string}"},"query-input":{"@type":"PropertyValueSpecification","valueRequired":true,"valueName":"search_term_string"}}],"inLanguage":"va"},{"@type":"Organization","@id":"https:\/\/cpi-europe.upv.es\/#organization","name":"CPI Europe","url":"https:\/\/cpi-europe.upv.es\/","logo":{"@type":"ImageObject","inLanguage":"va","@id":"https:\/\/cpi-europe.upv.es\/#\/schema\/logo\/image\/","url":"https:\/\/cpi-europe.upv.es\/wp-content\/uploads\/2020\/12\/logo-cpi-web-ok.png","contentUrl":"https:\/\/cpi-europe.upv.es\/wp-content\/uploads\/2020\/12\/logo-cpi-web-ok.png","width":869,"height":111,"caption":"CPI Europe"},"image":{"@id":"https:\/\/cpi-europe.upv.es\/#\/schema\/logo\/image\/"},"sameAs":["https:\/\/www.facebook.com\/UPV","https:\/\/x.com\/UPV","https:\/\/www.instagram.com\/instaUPV\/"]}]}},"_links":{"self":[{"href":"https:\/\/cpi-europe.upv.es\/val\/wp-json\/wp\/v2\/pages\/171","targetHints":{"allow":["GET"]}}],"collection":[{"href":"https:\/\/cpi-europe.upv.es\/val\/wp-json\/wp\/v2\/pages"}],"about":[{"href":"https:\/\/cpi-europe.upv.es\/val\/wp-json\/wp\/v2\/types\/page"}],"author":[{"embeddable":true,"href":"https:\/\/cpi-europe.upv.es\/val\/wp-json\/wp\/v2\/users\/1"}],"replies":[{"embeddable":true,"href":"https:\/\/cpi-europe.upv.es\/val\/wp-json\/wp\/v2\/comments?post=171"}],"version-history":[{"count":5,"href":"https:\/\/cpi-europe.upv.es\/val\/wp-json\/wp\/v2\/pages\/171\/revisions"}],"predecessor-version":[{"id":3541,"href":"https:\/\/cpi-europe.upv.es\/val\/wp-json\/wp\/v2\/pages\/171\/revisions\/3541"}],"up":[{"embeddable":true,"href":"https:\/\/cpi-europe.upv.es\/val\/wp-json\/wp\/v2\/pages\/165"}],"wp:featuredmedia":[{"embeddable":true,"href":"https:\/\/cpi-europe.upv.es\/val\/wp-json\/wp\/v2\/media\/572"}],"wp:attachment":[{"href":"https:\/\/cpi-europe.upv.es\/val\/wp-json\/wp\/v2\/media?parent=171"}],"curies":[{"name":"wp","href":"https:\/\/api.w.org\/{rel}","templated":true}]}}