{"id":1602,"date":"2021-06-23T10:12:53","date_gmt":"2021-06-23T08:12:53","guid":{"rendered":"https:\/\/cpi-europe.upv.es\/nodo-eurobotics-copy\/"},"modified":"2022-06-01T12:06:07","modified_gmt":"2022-06-01T10:06:07","slug":"nodo-a-spire","status":"publish","type":"page","link":"https:\/\/cpi-europe.upv.es\/val\/nodo-a-spire\/","title":{"rendered":"Nodo A.SPIRE"},"content":{"rendered":"<div data-elementor-type=\"wp-page\" data-elementor-id=\"1602\" class=\"elementor elementor-1602\" data-elementor-post-type=\"page\">\n\t\t\t\t\t\t<section class=\"elementor-section elementor-top-section elementor-element elementor-element-6bb9bb10 elementor-section-full_width elementor-section-height-default elementor-section-height-default\" data-id=\"6bb9bb10\" data-element_type=\"section\" data-e-type=\"section\">\n\t\t\t\t\t\t<div class=\"elementor-container elementor-column-gap-default\">\n\t\t\t\t\t<div class=\"elementor-column elementor-col-100 elementor-top-column elementor-element elementor-element-2f82e012\" data-id=\"2f82e012\" data-element_type=\"column\" data-e-type=\"column\">\n\t\t\t<div class=\"elementor-widget-wrap elementor-element-populated\">\n\t\t\t\t\t\t<div class=\"elementor-element elementor-element-49625b6d elementor-widget elementor-widget-image\" data-id=\"49625b6d\" data-element_type=\"widget\" data-e-type=\"widget\" data-widget_type=\"image.default\">\n\t\t\t\t<div class=\"elementor-widget-container\">\n\t\t\t\t\t\t\t\t\t\t\t\t\t\t\t<img fetchpriority=\"high\" decoding=\"async\" width=\"2000\" height=\"730\" src=\"https:\/\/cpi-europe.upv.es\/wp-content\/uploads\/2020\/12\/colaboraciones.jpg\" class=\"attachment-full size-full wp-image-588\" alt=\"\" srcset=\"https:\/\/cpi-europe.upv.es\/wp-content\/uploads\/2020\/12\/colaboraciones.jpg 2000w, https:\/\/cpi-europe.upv.es\/wp-content\/uploads\/2020\/12\/colaboraciones-300x110.jpg 300w, https:\/\/cpi-europe.upv.es\/wp-content\/uploads\/2020\/12\/colaboraciones-1024x374.jpg 1024w, https:\/\/cpi-europe.upv.es\/wp-content\/uploads\/2020\/12\/colaboraciones-768x280.jpg 768w, https:\/\/cpi-europe.upv.es\/wp-content\/uploads\/2020\/12\/colaboraciones-1536x561.jpg 1536w, https:\/\/cpi-europe.upv.es\/wp-content\/uploads\/2020\/12\/colaboraciones-16x6.jpg 16w\" sizes=\"(max-width: 2000px) 100vw, 2000px\" \/>\t\t\t\t\t\t\t\t\t\t\t\t\t\t\t<\/div>\n\t\t\t\t<\/div>\n\t\t\t\t\t<\/div>\n\t\t<\/div>\n\t\t\t\t\t<\/div>\n\t\t<\/section>\n\t\t\t\t<section class=\"elementor-section elementor-top-section elementor-element elementor-element-264c1ffe elementor-section-boxed elementor-section-height-default elementor-section-height-default\" data-id=\"264c1ffe\" data-element_type=\"section\" data-e-type=\"section\">\n\t\t\t\t\t\t<div class=\"elementor-container elementor-column-gap-default\">\n\t\t\t\t\t<div class=\"elementor-column elementor-col-100 elementor-top-column elementor-element elementor-element-4c75d816\" data-id=\"4c75d816\" data-element_type=\"column\" data-e-type=\"column\">\n\t\t\t<div class=\"elementor-widget-wrap elementor-element-populated\">\n\t\t\t\t\t\t<div class=\"elementor-element elementor-element-45152906 elementor-widget elementor-widget-text-editor\" data-id=\"45152906\" data-element_type=\"widget\" data-e-type=\"widget\" data-widget_type=\"text-editor.default\">\n\t\t\t\t<div class=\"elementor-widget-container\">\n\t\t\t\t\t\t\t\t\t<p>HOME \/ <strong>NODO A.SPIRE<\/strong><\/p>\t\t\t\t\t\t\t\t<\/div>\n\t\t\t\t<\/div>\n\t\t\t\t\t<\/div>\n\t\t<\/div>\n\t\t\t\t\t<\/div>\n\t\t<\/section>\n\t\t\t\t<section class=\"elementor-section elementor-top-section elementor-element elementor-element-3e97f0b8 elementor-section-boxed elementor-section-height-default elementor-section-height-default\" data-id=\"3e97f0b8\" data-element_type=\"section\" data-e-type=\"section\">\n\t\t\t\t\t\t<div class=\"elementor-container elementor-column-gap-default\">\n\t\t\t\t\t<div class=\"elementor-column elementor-col-100 elementor-top-column elementor-element elementor-element-5f9ba170\" data-id=\"5f9ba170\" data-element_type=\"column\" data-e-type=\"column\">\n\t\t\t<div class=\"elementor-widget-wrap elementor-element-populated\">\n\t\t\t\t\t\t<div class=\"elementor-element elementor-element-2e382c57 elementor-widget elementor-widget-heading\" data-id=\"2e382c57\" data-element_type=\"widget\" data-e-type=\"widget\" data-widget_type=\"heading.default\">\n\t\t\t\t<div class=\"elementor-widget-container\">\n\t\t\t\t\t<h2 class=\"elementor-heading-title elementor-size-default\">Nodo A.SPIRE<\/h2>\t\t\t\t<\/div>\n\t\t\t\t<\/div>\n\t\t\t\t<div class=\"elementor-element elementor-element-1883f12c elementor-widget-divider--view-line elementor-widget elementor-widget-divider\" data-id=\"1883f12c\" data-element_type=\"widget\" data-e-type=\"widget\" data-widget_type=\"divider.default\">\n\t\t\t\t<div class=\"elementor-widget-container\">\n\t\t\t\t\t\t\t<div class=\"elementor-divider\">\n\t\t\t<span class=\"elementor-divider-separator\">\n\t\t\t\t\t\t<\/span>\n\t\t<\/div>\n\t\t\t\t\t\t<\/div>\n\t\t\t\t<\/div>\n\t\t\t\t<div class=\"elementor-element elementor-element-fd0a804 elementor-widget elementor-widget-text-editor\" data-id=\"fd0a804\" data-element_type=\"widget\" data-e-type=\"widget\" data-widget_type=\"text-editor.default\">\n\t\t\t\t<div class=\"elementor-widget-container\">\n\t\t\t\t\t\t\t\t\t<p>El <strong>nodo UPV<\/strong> perteneciente a la <strong>asociaci\u00f3n<\/strong><a href=\"https:\/\/www.aspire2050.eu\/\" target=\"_blank\" rel=\"noopener\"><strong> A.SPIRE<\/strong><\/a> (asociaci\u00f3n europea responsable de la gesti\u00f3n e implementaci\u00f3n de la European Partnership Processes4Planet) est\u00e1 conformado por las siguientes <strong>estructuras<\/strong> de investigaci\u00f3n:<\/p>\n<ul>\n<li><strong><a href=\"https:\/\/www.ai2.upv.es\/en\/home-2\" target=\"_blank\" rel=\"noopener\">ai2<\/a>.<\/strong> Instituto de Autom\u00e1tica e Inform\u00e1tica Industrial<br>Persona de contacto: Ram\u00f3n Blasco (Director ai2); Javier Sanchis (Representante de ai2 en el grupo)<\/li>\n<li><strong><a href=\"https:\/\/itq.upv-csic.es\/\" target=\"_blank\" rel=\"noopener\">ITQ<\/a>.<\/strong> Instituto de Tecnolog\u00eda Qu\u00edmica (Centro Mixto UPV-CSIC)<br>Persona de contacto: Eduardo Palomares<\/li>\n<li><strong><a href=\"https:\/\/www.itaca.upv.es\/\" target=\"_blank\" rel=\"noopener\">ITACA<\/a>.<\/strong> Instituto de Aplicaciones de las Tecnolog\u00edas de la Informaci\u00f3n y de las Comunicaciones Avanzadas <br>Persona de contacto: Jos\u00e9 Manuel Catal\u00e1<\/li>\n<\/ul>\n<p>El <strong>representante<\/strong> <strong>UPV<\/strong> en la asociaci\u00f3n es Eduardo Palomares (ITQ).<\/p>\t\t\t\t\t\t\t\t<\/div>\n\t\t\t\t<\/div>\n\t\t\t\t<div class=\"elementor-element elementor-element-d23b250 elementor-skin-carousel elementor-arrows-yes elementor-pagination-type-bullets elementor-pagination-position-outside elementor-widget elementor-widget-media-carousel\" data-id=\"d23b250\" data-element_type=\"widget\" data-e-type=\"widget\" data-settings=\"{&quot;slides_per_view&quot;:&quot;4&quot;,&quot;space_between&quot;:{&quot;unit&quot;:&quot;px&quot;,&quot;size&quot;:20,&quot;sizes&quot;:[]},&quot;autoplay_speed&quot;:2500,&quot;skin&quot;:&quot;carousel&quot;,&quot;effect&quot;:&quot;slide&quot;,&quot;show_arrows&quot;:&quot;yes&quot;,&quot;pagination&quot;:&quot;bullets&quot;,&quot;speed&quot;:500,&quot;autoplay&quot;:&quot;yes&quot;,&quot;loop&quot;:&quot;yes&quot;,&quot;pause_on_hover&quot;:&quot;yes&quot;,&quot;pause_on_interaction&quot;:&quot;yes&quot;,&quot;space_between_tablet&quot;:{&quot;unit&quot;:&quot;px&quot;,&quot;size&quot;:10,&quot;sizes&quot;:[]},&quot;space_between_mobile&quot;:{&quot;unit&quot;:&quot;px&quot;,&quot;size&quot;:10,&quot;sizes&quot;:[]}}\" data-widget_type=\"media-carousel.default\">\n\t\t\t\t<div class=\"elementor-widget-container\">\n\t\t\t\t\t\t\t\t\t<div class=\"elementor-swiper\">\n\t\t\t\t\t<div class=\"elementor-main-swiper swiper\" role=\"region\" aria-roledescription=\"carousel\" aria-label=\"Slides\">\n\t\t\t\t<div class=\"swiper-wrapper\">\n\t\t\t\t\t\t\t\t\t\t\t<div class=\"swiper-slide\" role=\"group\" aria-roledescription=\"slide\">\n\t\t\t\t\t\t\t<a href=\"https:\/\/www.ai2.upv.es\/en\/home-2%20\" target=\"_blank\">\t\t<div class=\"elementor-carousel-image\" role=\"img\" aria-label=\"ai2_original-150x150\" style=\"background-image: url(&#039;https:\/\/cpi-europe.upv.es\/wp-content\/uploads\/2021\/07\/ai2_original-150x150-1.png&#039;)\">\n\n\t\t\t\n\t\t\t\t\t<\/div>\n\t\t<\/a>\t\t\t\t\t\t<\/div>\n\t\t\t\t\t\t\t\t\t\t\t<div class=\"swiper-slide\" role=\"group\" aria-roledescription=\"slide\">\n\t\t\t\t\t\t\t<a href=\"https:\/\/itq.upv-csic.es\/%20\" target=\"_blank\">\t\t<div class=\"elementor-carousel-image\" role=\"img\" aria-label=\"Logo-ITQ-web2\" style=\"background-image: url(&#039;https:\/\/cpi-europe.upv.es\/wp-content\/uploads\/2021\/11\/Logo-ITQ-web2-768x106.jpg&#039;)\">\n\n\t\t\t\n\t\t\t\t\t<\/div>\n\t\t<\/a>\t\t\t\t\t\t<\/div>\n\t\t\t\t\t\t\t\t\t\t\t<div class=\"swiper-slide\" role=\"group\" aria-roledescription=\"slide\">\n\t\t\t\t\t\t\t<a href=\"https:\/\/www.itaca.upv.es\/\" target=\"_blank\">\t\t<div class=\"elementor-carousel-image\" role=\"img\" aria-label=\"Logo-Itaca-ENGLISH\" style=\"background-image: url(&#039;https:\/\/cpi-europe.upv.es\/wp-content\/uploads\/2021\/11\/Logo-Itaca-ENGLISH.jpg&#039;)\">\n\n\t\t\t\n\t\t\t\t\t<\/div>\n\t\t<\/a>\t\t\t\t\t\t<\/div>\n\t\t\t\t\t\t\t\t\t<\/div>\n\t\t\t\t\t\t\t\t\t\t\t\t\t\t\t<div class=\"elementor-swiper-button elementor-swiper-button-prev\" role=\"button\" tabindex=\"0\" aria-label=\"Previous\">\n\t\t\t\t\t\t\t<i aria-hidden=\"true\" class=\"eicon-chevron-left\"><\/i>\t\t\t\t\t\t<\/div>\n\t\t\t\t\t\t<div class=\"elementor-swiper-button elementor-swiper-button-next\" role=\"button\" tabindex=\"0\" aria-label=\"Next\">\n\t\t\t\t\t\t\t<i aria-hidden=\"true\" class=\"eicon-chevron-right\"><\/i>\t\t\t\t\t\t<\/div>\n\t\t\t\t\t\t\t\t\t\t\t\t\t\t\t\t<div class=\"swiper-pagination\"><\/div>\n\t\t\t\t\t\t\t\t\t\t\t\t<\/div>\n\t\t\t\t<\/div>\n\t\t\t\t\t\t\t\t<\/div>\n\t\t\t\t<\/div>\n\t\t\t\t\t<\/div>\n\t\t<\/div>\n\t\t\t\t\t<\/div>\n\t\t<\/section>\n\t\t\t\t<\/div>","protected":false},"excerpt":{"rendered":"<p>HOME \/ NODO A.SPIRE Nodo A.SPIRE El nodo UPV perteneciente a la asociaci\u00f3n A.SPIRE (asociaci\u00f3n europea responsable de la gesti\u00f3n e implementaci\u00f3n de la European Partnership Processes4Planet) est\u00e1 conformado por las siguientes estructuras de investigaci\u00f3n: ai2. Instituto de Autom\u00e1tica e Inform\u00e1tica IndustrialPersona de contacto: Ram\u00f3n Blasco (Director ai2); Javier Sanchis (Representante de ai2 en el &hellip;<\/p>\n<p class=\"read-more\"> <a class=\"\" href=\"https:\/\/cpi-europe.upv.es\/val\/nodo-a-spire\/\"> <span class=\"screen-reader-text\">Nodo A.SPIRE<\/span> Read More \u00bb<\/a><\/p>","protected":false},"author":1,"featured_media":0,"parent":0,"menu_order":0,"comment_status":"closed","ping_status":"closed","template":"","meta":{"content-type":"","_monsterinsights_skip_tracking":false,"_monsterinsights_sitenote_active":false,"_monsterinsights_sitenote_note":"","_monsterinsights_sitenote_category":0,"footnotes":""},"class_list":["post-1602","page","type-page","status-publish","hentry"],"yoast_head":"<!-- This site is optimized with the Yoast SEO plugin v27.1.1 - https:\/\/yoast.com\/product\/yoast-seo-wordpress\/ -->\n<title>Nodo A.SPIRE | CPI EUROPE<\/title>\n<meta name=\"description\" content=\"CPI EUROPE, en colaboraci\u00f3n con UPV INNOVACION apoya la colaboraci\u00f3n de grupos de investigaci\u00f3n de la UPV con empresas y entidades.\" \/>\n<meta name=\"robots\" content=\"index, follow, max-snippet:-1, max-image-preview:large, max-video-preview:-1\" \/>\n<link rel=\"canonical\" href=\"https:\/\/cpi-europe.upv.es\/val\/colaboracio-amb-entitats\/\" \/>\n<meta property=\"og:locale\" content=\"en_US\" \/>\n<meta property=\"og:type\" content=\"article\" \/>\n<meta property=\"og:title\" content=\"Nodo A.SPIRE | CPI EUROPE\" \/>\n<meta property=\"og:description\" content=\"CPI EUROPE, en colaboraci\u00f3n con UPV INNOVACION apoya la colaboraci\u00f3n de grupos de investigaci\u00f3n de la UPV con empresas y entidades.\" \/>\n<meta property=\"og:url\" content=\"https:\/\/cpi-europe.upv.es\/val\/colaboracio-amb-entitats\/\" \/>\n<meta property=\"og:site_name\" content=\"CPI EUROPE\" \/>\n<meta property=\"article:publisher\" content=\"https:\/\/www.facebook.com\/UPV\" \/>\n<meta property=\"article:modified_time\" content=\"2022-06-01T10:06:07+00:00\" \/>\n<meta property=\"og:image\" content=\"https:\/\/cpi-europe.upv.es\/wp-content\/uploads\/2020\/12\/colaboraciones.jpg\" \/>\n<meta name=\"twitter:card\" content=\"summary_large_image\" \/>\n<meta name=\"twitter:site\" content=\"@UPV\" \/>\n<meta name=\"twitter:label1\" content=\"Est. reading time\" \/>\n\t<meta name=\"twitter:data1\" content=\"1 minute\" \/>\n<script type=\"application\/ld+json\" class=\"yoast-schema-graph\">{\"@context\":\"https:\/\/schema.org\",\"@graph\":[{\"@type\":\"WebPage\",\"@id\":\"https:\/\/cpi-europe.upv.es\/val\/colaboracio-amb-entitats\/\",\"url\":\"https:\/\/cpi-europe.upv.es\/val\/colaboracio-amb-entitats\/\",\"name\":\"Nodo A.SPIRE | CPI EUROPE\",\"isPartOf\":{\"@id\":\"https:\/\/cpi-europe.upv.es\/#website\"},\"primaryImageOfPage\":{\"@id\":\"https:\/\/cpi-europe.upv.es\/val\/colaboracio-amb-entitats\/#primaryimage\"},\"image\":{\"@id\":\"https:\/\/cpi-europe.upv.es\/val\/colaboracio-amb-entitats\/#primaryimage\"},\"thumbnailUrl\":\"https:\/\/cpi-europe.upv.es\/wp-content\/uploads\/2020\/12\/colaboraciones.jpg\",\"datePublished\":\"2021-06-23T08:12:53+00:00\",\"dateModified\":\"2022-06-01T10:06:07+00:00\",\"description\":\"CPI EUROPE, en colaboraci\u00f3n con UPV INNOVACION apoya la colaboraci\u00f3n de grupos de investigaci\u00f3n de la UPV con empresas y entidades.\",\"breadcrumb\":{\"@id\":\"https:\/\/cpi-europe.upv.es\/val\/colaboracio-amb-entitats\/#breadcrumb\"},\"inLanguage\":\"va\",\"potentialAction\":[{\"@type\":\"ReadAction\",\"target\":[\"https:\/\/cpi-europe.upv.es\/val\/colaboracio-amb-entitats\/\"]}]},{\"@type\":\"ImageObject\",\"inLanguage\":\"va\",\"@id\":\"https:\/\/cpi-europe.upv.es\/val\/colaboracio-amb-entitats\/#primaryimage\",\"url\":\"https:\/\/cpi-europe.upv.es\/wp-content\/uploads\/2020\/12\/colaboraciones.jpg\",\"contentUrl\":\"https:\/\/cpi-europe.upv.es\/wp-content\/uploads\/2020\/12\/colaboraciones.jpg\"},{\"@type\":\"BreadcrumbList\",\"@id\":\"https:\/\/cpi-europe.upv.es\/val\/colaboracio-amb-entitats\/#breadcrumb\",\"itemListElement\":[{\"@type\":\"ListItem\",\"position\":1,\"name\":\"Portada\",\"item\":\"https:\/\/cpi-europe.upv.es\/\"},{\"@type\":\"ListItem\",\"position\":2,\"name\":\"Nodo A.SPIRE\"}]},{\"@type\":\"WebSite\",\"@id\":\"https:\/\/cpi-europe.upv.es\/#website\",\"url\":\"https:\/\/cpi-europe.upv.es\/\",\"name\":\"CPI EUROPE\",\"description\":\"\",\"publisher\":{\"@id\":\"https:\/\/cpi-europe.upv.es\/#organization\"},\"potentialAction\":[{\"@type\":\"SearchAction\",\"target\":{\"@type\":\"EntryPoint\",\"urlTemplate\":\"https:\/\/cpi-europe.upv.es\/?s={search_term_string}\"},\"query-input\":{\"@type\":\"PropertyValueSpecification\",\"valueRequired\":true,\"valueName\":\"search_term_string\"}}],\"inLanguage\":\"va\"},{\"@type\":\"Organization\",\"@id\":\"https:\/\/cpi-europe.upv.es\/#organization\",\"name\":\"CPI Europe\",\"url\":\"https:\/\/cpi-europe.upv.es\/\",\"logo\":{\"@type\":\"ImageObject\",\"inLanguage\":\"va\",\"@id\":\"https:\/\/cpi-europe.upv.es\/#\/schema\/logo\/image\/\",\"url\":\"https:\/\/cpi-europe.upv.es\/wp-content\/uploads\/2020\/12\/logo-cpi-web-ok.png\",\"contentUrl\":\"https:\/\/cpi-europe.upv.es\/wp-content\/uploads\/2020\/12\/logo-cpi-web-ok.png\",\"width\":869,\"height\":111,\"caption\":\"CPI Europe\"},\"image\":{\"@id\":\"https:\/\/cpi-europe.upv.es\/#\/schema\/logo\/image\/\"},\"sameAs\":[\"https:\/\/www.facebook.com\/UPV\",\"https:\/\/x.com\/UPV\",\"https:\/\/www.instagram.com\/instaUPV\/\"]}]}<\/script>\n<!-- \/ Yoast SEO plugin. -->","yoast_head_json":{"title":"Nodo A.SPIRE | CPI EUROPE","description":"CPI EUROPE, juntament amb UPV INNOVACI\u00d3N, dona suport als grups de recerca de la UPV per a refor\u00e7ar les relacions amb empreses i entitats.","robots":{"index":"index","follow":"follow","max-snippet":"max-snippet:-1","max-image-preview":"max-image-preview:large","max-video-preview":"max-video-preview:-1"},"canonical":"https:\/\/cpi-europe.upv.es\/val\/colaboracio-amb-entitats\/","og_locale":"en_US","og_type":"article","og_title":"Nodo A.SPIRE | CPI EUROPE","og_description":"CPI EUROPE, en colaboraci\u00f3n con UPV INNOVACION apoya la colaboraci\u00f3n de grupos de investigaci\u00f3n de la UPV con empresas y entidades.","og_url":"https:\/\/cpi-europe.upv.es\/val\/colaboracio-amb-entitats\/","og_site_name":"CPI EUROPE","article_publisher":"https:\/\/www.facebook.com\/UPV","article_modified_time":"2022-06-01T10:06:07+00:00","og_image":[{"url":"https:\/\/cpi-europe.upv.es\/wp-content\/uploads\/2020\/12\/colaboraciones.jpg","type":"","width":"","height":""}],"twitter_card":"summary_large_image","twitter_site":"@UPV","twitter_misc":{"Est. reading time":"1 minute"},"schema":{"@context":"https:\/\/schema.org","@graph":[{"@type":"WebPage","@id":"https:\/\/cpi-europe.upv.es\/val\/colaboracio-amb-entitats\/","url":"https:\/\/cpi-europe.upv.es\/val\/colaboracio-amb-entitats\/","name":"Nodo A.SPIRE | CPI EUROPE","isPartOf":{"@id":"https:\/\/cpi-europe.upv.es\/#website"},"primaryImageOfPage":{"@id":"https:\/\/cpi-europe.upv.es\/val\/colaboracio-amb-entitats\/#primaryimage"},"image":{"@id":"https:\/\/cpi-europe.upv.es\/val\/colaboracio-amb-entitats\/#primaryimage"},"thumbnailUrl":"https:\/\/cpi-europe.upv.es\/wp-content\/uploads\/2020\/12\/colaboraciones.jpg","datePublished":"2021-06-23T08:12:53+00:00","dateModified":"2022-06-01T10:06:07+00:00","description":"CPI EUROPE, juntament amb UPV INNOVACI\u00d3N, dona suport als grups de recerca de la UPV per a refor\u00e7ar les relacions amb empreses i entitats.","breadcrumb":{"@id":"https:\/\/cpi-europe.upv.es\/val\/colaboracio-amb-entitats\/#breadcrumb"},"inLanguage":"va","potentialAction":[{"@type":"ReadAction","target":["https:\/\/cpi-europe.upv.es\/val\/colaboracio-amb-entitats\/"]}]},{"@type":"ImageObject","inLanguage":"va","@id":"https:\/\/cpi-europe.upv.es\/val\/colaboracio-amb-entitats\/#primaryimage","url":"https:\/\/cpi-europe.upv.es\/wp-content\/uploads\/2020\/12\/colaboraciones.jpg","contentUrl":"https:\/\/cpi-europe.upv.es\/wp-content\/uploads\/2020\/12\/colaboraciones.jpg"},{"@type":"BreadcrumbList","@id":"https:\/\/cpi-europe.upv.es\/val\/colaboracio-amb-entitats\/#breadcrumb","itemListElement":[{"@type":"ListItem","position":1,"name":"Portada","item":"https:\/\/cpi-europe.upv.es\/"},{"@type":"ListItem","position":2,"name":"Nodo A.SPIRE"}]},{"@type":"WebSite","@id":"https:\/\/cpi-europe.upv.es\/#website","url":"https:\/\/cpi-europe.upv.es\/","name":"CPI EUROPE","description":"","publisher":{"@id":"https:\/\/cpi-europe.upv.es\/#organization"},"potentialAction":[{"@type":"SearchAction","target":{"@type":"EntryPoint","urlTemplate":"https:\/\/cpi-europe.upv.es\/?s={search_term_string}"},"query-input":{"@type":"PropertyValueSpecification","valueRequired":true,"valueName":"search_term_string"}}],"inLanguage":"va"},{"@type":"Organization","@id":"https:\/\/cpi-europe.upv.es\/#organization","name":"CPI Europe","url":"https:\/\/cpi-europe.upv.es\/","logo":{"@type":"ImageObject","inLanguage":"va","@id":"https:\/\/cpi-europe.upv.es\/#\/schema\/logo\/image\/","url":"https:\/\/cpi-europe.upv.es\/wp-content\/uploads\/2020\/12\/logo-cpi-web-ok.png","contentUrl":"https:\/\/cpi-europe.upv.es\/wp-content\/uploads\/2020\/12\/logo-cpi-web-ok.png","width":869,"height":111,"caption":"CPI Europe"},"image":{"@id":"https:\/\/cpi-europe.upv.es\/#\/schema\/logo\/image\/"},"sameAs":["https:\/\/www.facebook.com\/UPV","https:\/\/x.com\/UPV","https:\/\/www.instagram.com\/instaUPV\/"]}]}},"_links":{"self":[{"href":"https:\/\/cpi-europe.upv.es\/val\/wp-json\/wp\/v2\/pages\/1602","targetHints":{"allow":["GET"]}}],"collection":[{"href":"https:\/\/cpi-europe.upv.es\/val\/wp-json\/wp\/v2\/pages"}],"about":[{"href":"https:\/\/cpi-europe.upv.es\/val\/wp-json\/wp\/v2\/types\/page"}],"author":[{"embeddable":true,"href":"https:\/\/cpi-europe.upv.es\/val\/wp-json\/wp\/v2\/users\/1"}],"replies":[{"embeddable":true,"href":"https:\/\/cpi-europe.upv.es\/val\/wp-json\/wp\/v2\/comments?post=1602"}],"version-history":[{"count":5,"href":"https:\/\/cpi-europe.upv.es\/val\/wp-json\/wp\/v2\/pages\/1602\/revisions"}],"predecessor-version":[{"id":2757,"href":"https:\/\/cpi-europe.upv.es\/val\/wp-json\/wp\/v2\/pages\/1602\/revisions\/2757"}],"wp:attachment":[{"href":"https:\/\/cpi-europe.upv.es\/val\/wp-json\/wp\/v2\/media?parent=1602"}],"curies":[{"name":"wp","href":"https:\/\/api.w.org\/{rel}","templated":true}]}}