{"id":932,"date":"2021-01-12T11:59:19","date_gmt":"2021-01-12T10:59:19","guid":{"rendered":"http:\/\/cpi.induze.biz\/?page_id=932"},"modified":"2021-01-14T12:19:48","modified_gmt":"2021-01-14T11:19:48","slug":"politica-de-cookies","status":"publish","type":"page","link":"https:\/\/cpi-europe.upv.es\/en\/politica-de-cookies\/","title":{"rendered":"Pol\u00edtica de cookies"},"content":{"rendered":"<div data-elementor-type=\"wp-page\" data-elementor-id=\"932\" class=\"elementor elementor-932\" data-elementor-post-type=\"page\">\n\t\t\t\t\t\t<section class=\"elementor-section elementor-top-section elementor-element elementor-element-0ef303b elementor-section-boxed elementor-section-height-default elementor-section-height-default\" data-id=\"0ef303b\" data-element_type=\"section\" data-e-type=\"section\">\n\t\t\t\t\t\t<div class=\"elementor-container elementor-column-gap-default\">\n\t\t\t\t\t<div class=\"elementor-column elementor-col-100 elementor-top-column elementor-element elementor-element-f8c0087\" data-id=\"f8c0087\" data-element_type=\"column\" data-e-type=\"column\">\n\t\t\t<div class=\"elementor-widget-wrap elementor-element-populated\">\n\t\t\t\t\t\t<div class=\"elementor-element elementor-element-393ad59 elementor-widget elementor-widget-text-editor\" data-id=\"393ad59\" data-element_type=\"widget\" data-e-type=\"widget\" data-widget_type=\"text-editor.default\">\n\t\t\t\t<div class=\"elementor-widget-container\">\n\t\t\t\t\t\t\t\t\t<h2><strong>COOKIES POLICY<\/strong><\/h2><p>\u00a0<strong>What are cookies? <\/strong>Cookies are small data files that are received by the terminal from the visited website and are used to record certain browsing interactions. These files are stored on the user's computer and contain anonymous data that can be updated and retrieved in the future and are not harmful to the computer. They are used to remember user preferences such as the selected language, access data or page customization.<\/p><p>Cookies can also be used to collect anonymous information about how a visitor browses a website. For example, from which web page they have accessed, or if they have used an advertising banner to arrive.<\/p><p><strong>Why does CPI EUROPE\u00b4s website use cookies? <\/strong>CPI EUROPE\u00b4s website uses the strictly necessary cookies so that the user, when browsing the website, can move freely, access secure areas, personalized options, etc.<\/p><p><strong>What type of cookies does the CPI EUROPE website use?<\/strong><\/p><p><strong>According to purpose: <\/strong><\/p><p><strong>Technical cookies.<\/strong> These are essential and strictly necessary for the proper functioning of a Web portal, the different browsing options and the services it offers. This group includes those that serve for the maintenance of the session, the management of the response time, the performance or validation of options, the use of security elements, the publication of shared content on social networks, etc.<\/p><p><strong>Personalization cookies. <\/strong>These files allow the user to specify or customize some characteristics of the general options of the Web page. For example, define the language, a regional configuration or the type of browser.<\/p><p><strong>Analytical cookies. <\/strong>Analytical cookies are those used by the website to create navigation profiles and to know the preferences of users in order to improve the offer of products and services. Specifically, those that observe which geographical areas are of most interest to a user, which product has more acceptance, etc.<\/p><p><strong>According to term:<\/strong><\/p><p><strong>Session cookies.<\/strong> These are those that are active while the user is browsing the Web page and are deleted upon completion.<\/p><p><strong>Persistent cookies <\/strong>These cookies are stored for a time in the user's terminal, in such a way that they maintain the chosen preferences without having to repeat certain parameters each time the website is visited.<\/p><p><strong>What happens if the user does not accept the authorization of cookies? <\/strong>If the user continues browsing the website without expressly rejecting the cookie policy, it will be understood that they have accepted their use.<\/p><p>If, on the contrary, the visitor rejects or deletes the navigation cookies, it will not be possible to maintain their preferences on the CPI EUROPE website, some characteristics of the pages will not be operational, some personalized services will not be offered and your authorization will be requested for the use of cookies each time you access this site.<\/p><p>If, even so, the user decides to modify the configuration of access to the Web page, they can eliminate the cookies at any time or prevent this information from being recorded on their computer by changing the browser preferences.<\/p>\t\t\t\t\t\t\t\t<\/div>\n\t\t\t\t<\/div>\n\t\t\t\t\t<\/div>\n\t\t<\/div>\n\t\t\t\t\t<\/div>\n\t\t<\/section>\n\t\t\t\t<\/div>","protected":false},"excerpt":{"rendered":"<p>POL\u00cdTICA DE COOKIES \u00bfQu\u00e9 son las cookies? Las cookies son peque\u00f1os archivos de datos que se reciben en el terminal desde el sitio Web visitado y se usan para registrar ciertas interacciones de la navegaci\u00f3n. Estos archivos se almacenan en el ordenador del usuario y contienen datos an\u00f3nimos que pueden ser actualizados y recuperados en &hellip;<\/p>\n<p class=\"read-more\"> <a class=\"\" href=\"https:\/\/cpi-europe.upv.es\/en\/politica-de-cookies\/\"> <span class=\"screen-reader-text\">Pol\u00edtica de cookies<\/span> Read More \u00bb<\/a><\/p>","protected":false},"author":1,"featured_media":0,"parent":0,"menu_order":0,"comment_status":"closed","ping_status":"closed","template":"","meta":{"content-type":"","_monsterinsights_skip_tracking":false,"_monsterinsights_sitenote_active":false,"_monsterinsights_sitenote_note":"","_monsterinsights_sitenote_category":0,"footnotes":""},"class_list":["post-932","page","type-page","status-publish","hentry"],"yoast_head":"<!-- This site is optimized with the Yoast SEO plugin v27.1.1 - https:\/\/yoast.com\/product\/yoast-seo-wordpress\/ -->\n<title>Pol\u00edtica de cookies | CPI EUROPE<\/title>\n<meta name=\"robots\" content=\"noindex, follow\" \/>\n<meta property=\"og:locale\" content=\"en_GB\" \/>\n<meta property=\"og:type\" content=\"article\" \/>\n<meta property=\"og:title\" content=\"Pol\u00edtica de cookies | CPI EUROPE\" \/>\n<meta property=\"og:description\" content=\"POL\u00cdTICA DE COOKIES \u00bfQu\u00e9 son las cookies? Las cookies son peque\u00f1os archivos de datos que se reciben en el terminal desde el sitio Web visitado y se usan para registrar ciertas interacciones de la navegaci\u00f3n. Estos archivos se almacenan en el ordenador del usuario y contienen datos an\u00f3nimos que pueden ser actualizados y recuperados en &hellip; Pol\u00edtica de cookies Read More \u00bb\" \/>\n<meta property=\"og:url\" content=\"https:\/\/cpi-europe.upv.es\/en\/politica-de-cookies\/\" \/>\n<meta property=\"og:site_name\" content=\"CPI EUROPE\" \/>\n<meta property=\"article:publisher\" content=\"https:\/\/www.facebook.com\/UPV\" \/>\n<meta property=\"article:modified_time\" content=\"2021-01-14T11:19:48+00:00\" \/>\n<meta name=\"twitter:card\" content=\"summary_large_image\" \/>\n<meta name=\"twitter:site\" content=\"@UPV\" \/>\n<meta name=\"twitter:label1\" content=\"Estimated reading time\" \/>\n\t<meta name=\"twitter:data1\" content=\"3 minutes\" \/>\n<script type=\"application\/ld+json\" class=\"yoast-schema-graph\">{\"@context\":\"https:\/\/schema.org\",\"@graph\":[{\"@type\":\"WebPage\",\"@id\":\"https:\/\/cpi-europe.upv.es\/politica-de-cookies\/\",\"url\":\"https:\/\/cpi-europe.upv.es\/politica-de-cookies\/\",\"name\":\"Pol\u00edtica de cookies | CPI EUROPE\",\"isPartOf\":{\"@id\":\"https:\/\/cpi-europe.upv.es\/#website\"},\"datePublished\":\"2021-01-12T10:59:19+00:00\",\"dateModified\":\"2021-01-14T11:19:48+00:00\",\"breadcrumb\":{\"@id\":\"https:\/\/cpi-europe.upv.es\/politica-de-cookies\/#breadcrumb\"},\"inLanguage\":\"en-GB\",\"potentialAction\":[{\"@type\":\"ReadAction\",\"target\":[\"https:\/\/cpi-europe.upv.es\/politica-de-cookies\/\"]}]},{\"@type\":\"BreadcrumbList\",\"@id\":\"https:\/\/cpi-europe.upv.es\/politica-de-cookies\/#breadcrumb\",\"itemListElement\":[{\"@type\":\"ListItem\",\"position\":1,\"name\":\"Portada\",\"item\":\"https:\/\/cpi-europe.upv.es\/\"},{\"@type\":\"ListItem\",\"position\":2,\"name\":\"Pol\u00edtica de cookies\"}]},{\"@type\":\"WebSite\",\"@id\":\"https:\/\/cpi-europe.upv.es\/#website\",\"url\":\"https:\/\/cpi-europe.upv.es\/\",\"name\":\"CPI EUROPE\",\"description\":\"\",\"publisher\":{\"@id\":\"https:\/\/cpi-europe.upv.es\/#organization\"},\"potentialAction\":[{\"@type\":\"SearchAction\",\"target\":{\"@type\":\"EntryPoint\",\"urlTemplate\":\"https:\/\/cpi-europe.upv.es\/?s={search_term_string}\"},\"query-input\":{\"@type\":\"PropertyValueSpecification\",\"valueRequired\":true,\"valueName\":\"search_term_string\"}}],\"inLanguage\":\"en-GB\"},{\"@type\":\"Organization\",\"@id\":\"https:\/\/cpi-europe.upv.es\/#organization\",\"name\":\"CPI Europe\",\"url\":\"https:\/\/cpi-europe.upv.es\/\",\"logo\":{\"@type\":\"ImageObject\",\"inLanguage\":\"en-GB\",\"@id\":\"https:\/\/cpi-europe.upv.es\/#\/schema\/logo\/image\/\",\"url\":\"https:\/\/cpi-europe.upv.es\/wp-content\/uploads\/2020\/12\/logo-cpi-web-ok.png\",\"contentUrl\":\"https:\/\/cpi-europe.upv.es\/wp-content\/uploads\/2020\/12\/logo-cpi-web-ok.png\",\"width\":869,\"height\":111,\"caption\":\"CPI Europe\"},\"image\":{\"@id\":\"https:\/\/cpi-europe.upv.es\/#\/schema\/logo\/image\/\"},\"sameAs\":[\"https:\/\/www.facebook.com\/UPV\",\"https:\/\/x.com\/UPV\",\"https:\/\/www.instagram.com\/instaUPV\/\"]}]}<\/script>\n<!-- \/ Yoast SEO plugin. -->","yoast_head_json":{"title":"Pol\u00edtica de cookies | CPI EUROPE","robots":{"index":"noindex","follow":"follow"},"og_locale":"en_GB","og_type":"article","og_title":"Pol\u00edtica de cookies | CPI EUROPE","og_description":"POL\u00cdTICA DE COOKIES \u00bfQu\u00e9 son las cookies? Las cookies son peque\u00f1os archivos de datos que se reciben en el terminal desde el sitio Web visitado y se usan para registrar ciertas interacciones de la navegaci\u00f3n. Estos archivos se almacenan en el ordenador del usuario y contienen datos an\u00f3nimos que pueden ser actualizados y recuperados en &hellip; Pol\u00edtica de cookies Read More \u00bb","og_url":"https:\/\/cpi-europe.upv.es\/en\/politica-de-cookies\/","og_site_name":"CPI EUROPE","article_publisher":"https:\/\/www.facebook.com\/UPV","article_modified_time":"2021-01-14T11:19:48+00:00","twitter_card":"summary_large_image","twitter_site":"@UPV","twitter_misc":{"Estimated reading time":"3 minutes"},"schema":{"@context":"https:\/\/schema.org","@graph":[{"@type":"WebPage","@id":"https:\/\/cpi-europe.upv.es\/politica-de-cookies\/","url":"https:\/\/cpi-europe.upv.es\/politica-de-cookies\/","name":"Pol\u00edtica de cookies | CPI EUROPE","isPartOf":{"@id":"https:\/\/cpi-europe.upv.es\/#website"},"datePublished":"2021-01-12T10:59:19+00:00","dateModified":"2021-01-14T11:19:48+00:00","breadcrumb":{"@id":"https:\/\/cpi-europe.upv.es\/politica-de-cookies\/#breadcrumb"},"inLanguage":"en-GB","potentialAction":[{"@type":"ReadAction","target":["https:\/\/cpi-europe.upv.es\/politica-de-cookies\/"]}]},{"@type":"BreadcrumbList","@id":"https:\/\/cpi-europe.upv.es\/politica-de-cookies\/#breadcrumb","itemListElement":[{"@type":"ListItem","position":1,"name":"Portada","item":"https:\/\/cpi-europe.upv.es\/"},{"@type":"ListItem","position":2,"name":"Pol\u00edtica de cookies"}]},{"@type":"WebSite","@id":"https:\/\/cpi-europe.upv.es\/#website","url":"https:\/\/cpi-europe.upv.es\/","name":"CPI EUROPE","description":"","publisher":{"@id":"https:\/\/cpi-europe.upv.es\/#organization"},"potentialAction":[{"@type":"SearchAction","target":{"@type":"EntryPoint","urlTemplate":"https:\/\/cpi-europe.upv.es\/?s={search_term_string}"},"query-input":{"@type":"PropertyValueSpecification","valueRequired":true,"valueName":"search_term_string"}}],"inLanguage":"en-GB"},{"@type":"Organization","@id":"https:\/\/cpi-europe.upv.es\/#organization","name":"CPI Europe","url":"https:\/\/cpi-europe.upv.es\/","logo":{"@type":"ImageObject","inLanguage":"en-GB","@id":"https:\/\/cpi-europe.upv.es\/#\/schema\/logo\/image\/","url":"https:\/\/cpi-europe.upv.es\/wp-content\/uploads\/2020\/12\/logo-cpi-web-ok.png","contentUrl":"https:\/\/cpi-europe.upv.es\/wp-content\/uploads\/2020\/12\/logo-cpi-web-ok.png","width":869,"height":111,"caption":"CPI Europe"},"image":{"@id":"https:\/\/cpi-europe.upv.es\/#\/schema\/logo\/image\/"},"sameAs":["https:\/\/www.facebook.com\/UPV","https:\/\/x.com\/UPV","https:\/\/www.instagram.com\/instaUPV\/"]}]}},"_links":{"self":[{"href":"https:\/\/cpi-europe.upv.es\/en\/wp-json\/wp\/v2\/pages\/932","targetHints":{"allow":["GET"]}}],"collection":[{"href":"https:\/\/cpi-europe.upv.es\/en\/wp-json\/wp\/v2\/pages"}],"about":[{"href":"https:\/\/cpi-europe.upv.es\/en\/wp-json\/wp\/v2\/types\/page"}],"author":[{"embeddable":true,"href":"https:\/\/cpi-europe.upv.es\/en\/wp-json\/wp\/v2\/users\/1"}],"replies":[{"embeddable":true,"href":"https:\/\/cpi-europe.upv.es\/en\/wp-json\/wp\/v2\/comments?post=932"}],"version-history":[{"count":5,"href":"https:\/\/cpi-europe.upv.es\/en\/wp-json\/wp\/v2\/pages\/932\/revisions"}],"predecessor-version":[{"id":973,"href":"https:\/\/cpi-europe.upv.es\/en\/wp-json\/wp\/v2\/pages\/932\/revisions\/973"}],"wp:attachment":[{"href":"https:\/\/cpi-europe.upv.es\/en\/wp-json\/wp\/v2\/media?parent=932"}],"curies":[{"name":"wp","href":"https:\/\/api.w.org\/{rel}","templated":true}]}}