{"id":1596,"date":"2021-06-23T10:11:56","date_gmt":"2021-06-23T08:11:56","guid":{"rendered":"https:\/\/cpi-europe.upv.es\/nodo-bdva-copy\/"},"modified":"2024-10-10T11:38:11","modified_gmt":"2024-10-10T09:38:11","slug":"nodo-cairne","status":"publish","type":"page","link":"https:\/\/cpi-europe.upv.es\/en\/nodo-cairne\/","title":{"rendered":"Nodo CAIRNE"},"content":{"rendered":"<div data-elementor-type=\"wp-page\" data-elementor-id=\"1596\" class=\"elementor elementor-1596\" data-elementor-post-type=\"page\">\n\t\t\t\t\t\t<section class=\"elementor-section elementor-top-section elementor-element elementor-element-6bb9bb10 elementor-section-full_width elementor-section-height-default elementor-section-height-default\" data-id=\"6bb9bb10\" data-element_type=\"section\" data-e-type=\"section\">\n\t\t\t\t\t\t<div class=\"elementor-container elementor-column-gap-default\">\n\t\t\t\t\t<div class=\"elementor-column elementor-col-100 elementor-top-column elementor-element elementor-element-2f82e012\" data-id=\"2f82e012\" data-element_type=\"column\" data-e-type=\"column\">\n\t\t\t<div class=\"elementor-widget-wrap elementor-element-populated\">\n\t\t\t\t\t\t<div class=\"elementor-element elementor-element-49625b6d elementor-widget elementor-widget-image\" data-id=\"49625b6d\" data-element_type=\"widget\" data-e-type=\"widget\" data-widget_type=\"image.default\">\n\t\t\t\t<div class=\"elementor-widget-container\">\n\t\t\t\t\t\t\t\t\t\t\t\t\t\t\t<img fetchpriority=\"high\" decoding=\"async\" width=\"2000\" height=\"730\" src=\"https:\/\/cpi-europe.upv.es\/wp-content\/uploads\/2020\/12\/colaboraciones.jpg\" class=\"attachment-full size-full wp-image-588\" alt=\"\" srcset=\"https:\/\/cpi-europe.upv.es\/wp-content\/uploads\/2020\/12\/colaboraciones.jpg 2000w, https:\/\/cpi-europe.upv.es\/wp-content\/uploads\/2020\/12\/colaboraciones-300x110.jpg 300w, https:\/\/cpi-europe.upv.es\/wp-content\/uploads\/2020\/12\/colaboraciones-1024x374.jpg 1024w, https:\/\/cpi-europe.upv.es\/wp-content\/uploads\/2020\/12\/colaboraciones-768x280.jpg 768w, https:\/\/cpi-europe.upv.es\/wp-content\/uploads\/2020\/12\/colaboraciones-1536x561.jpg 1536w, https:\/\/cpi-europe.upv.es\/wp-content\/uploads\/2020\/12\/colaboraciones-16x6.jpg 16w\" sizes=\"(max-width: 2000px) 100vw, 2000px\" \/>\t\t\t\t\t\t\t\t\t\t\t\t\t\t\t<\/div>\n\t\t\t\t<\/div>\n\t\t\t\t\t<\/div>\n\t\t<\/div>\n\t\t\t\t\t<\/div>\n\t\t<\/section>\n\t\t\t\t<section class=\"elementor-section elementor-top-section elementor-element elementor-element-264c1ffe elementor-section-boxed elementor-section-height-default elementor-section-height-default\" data-id=\"264c1ffe\" data-element_type=\"section\" data-e-type=\"section\">\n\t\t\t\t\t\t<div class=\"elementor-container elementor-column-gap-default\">\n\t\t\t\t\t<div class=\"elementor-column elementor-col-100 elementor-top-column elementor-element elementor-element-4c75d816\" data-id=\"4c75d816\" data-element_type=\"column\" data-e-type=\"column\">\n\t\t\t<div class=\"elementor-widget-wrap elementor-element-populated\">\n\t\t\t\t\t\t<div class=\"elementor-element elementor-element-45152906 elementor-widget elementor-widget-text-editor\" data-id=\"45152906\" data-element_type=\"widget\" data-e-type=\"widget\" data-widget_type=\"text-editor.default\">\n\t\t\t\t<div class=\"elementor-widget-container\">\n\t\t\t\t\t\t\t\t\t<p>HOME \/ <strong>NODO CAIRNE<\/strong><\/p>\t\t\t\t\t\t\t\t<\/div>\n\t\t\t\t<\/div>\n\t\t\t\t\t<\/div>\n\t\t<\/div>\n\t\t\t\t\t<\/div>\n\t\t<\/section>\n\t\t\t\t<section class=\"elementor-section elementor-top-section elementor-element elementor-element-3e97f0b8 elementor-section-boxed elementor-section-height-default elementor-section-height-default\" data-id=\"3e97f0b8\" data-element_type=\"section\" data-e-type=\"section\">\n\t\t\t\t\t\t<div class=\"elementor-container elementor-column-gap-default\">\n\t\t\t\t\t<div class=\"elementor-column elementor-col-100 elementor-top-column elementor-element elementor-element-5f9ba170\" data-id=\"5f9ba170\" data-element_type=\"column\" data-e-type=\"column\">\n\t\t\t<div class=\"elementor-widget-wrap elementor-element-populated\">\n\t\t\t\t\t\t<div class=\"elementor-element elementor-element-2e382c57 elementor-widget elementor-widget-heading\" data-id=\"2e382c57\" data-element_type=\"widget\" data-e-type=\"widget\" data-widget_type=\"heading.default\">\n\t\t\t\t<div class=\"elementor-widget-container\">\n\t\t\t\t\t<h2 class=\"elementor-heading-title elementor-size-default\">Nodo CAIRNE<\/h2>\t\t\t\t<\/div>\n\t\t\t\t<\/div>\n\t\t\t\t<div class=\"elementor-element elementor-element-1883f12c elementor-widget-divider--view-line elementor-widget elementor-widget-divider\" data-id=\"1883f12c\" data-element_type=\"widget\" data-e-type=\"widget\" data-widget_type=\"divider.default\">\n\t\t\t\t<div class=\"elementor-widget-container\">\n\t\t\t\t\t\t\t<div class=\"elementor-divider\">\n\t\t\t<span class=\"elementor-divider-separator\">\n\t\t\t\t\t\t<\/span>\n\t\t<\/div>\n\t\t\t\t\t\t<\/div>\n\t\t\t\t<\/div>\n\t\t\t\t<div class=\"elementor-element elementor-element-fd0a804 elementor-widget elementor-widget-text-editor\" data-id=\"fd0a804\" data-element_type=\"widget\" data-e-type=\"widget\" data-widget_type=\"text-editor.default\">\n\t\t\t\t<div class=\"elementor-widget-container\">\n\t\t\t\t\t\t\t\t\t<p>El <strong>nodo UPV<\/strong> vinculado a la <strong>asociaci\u00f3n<\/strong>\u00a0<b>CAIRNE \u00abConfederation of Laboratories for Artificial Intelligence Research in Europe\u00bb\u00a0<\/b>est\u00e1 conformado por las siguientes estructuras de investigaci\u00f3n:<\/p><ul><li><strong><a href=\"https:\/\/cbit.webs.upv.es\/\" target=\"_blank\" rel=\"noopener\">CBIT<\/a>.<\/strong> Centro de Biomateriales e Ingenier\u00eda Tisular.<br \/>Persona de <a href=\"https:\/\/dmoratal.webs.upv.es\" target=\"_blank\" rel=\"noopener\">contacto<\/a>: David Moratal<\/li><li><strong><a href=\"http:\/\/www.upv.es\/entidades\/DU\/\" target=\"_blank\" rel=\"noopener\">DU<\/a>.<\/strong> Dpto. de Urbanismo.<br \/>Persona de <a href=\"http:\/\/www.upv.es\/ficha-personal\/frarafer\" target=\"_blank\" rel=\"noopener\">contacto<\/a>: Francisca Ram\u00f3n Fern\u00e1ndez\u00a0<\/li><li><strong><span style=\"color: #333399;\">i3B<\/span>.<\/strong> Instituto de Investigaci\u00f3n e Innovaci\u00f3n en Bioingenier\u00eda.<br \/>Personas de contacto: Valery Naranjo (<a href=\"http:\/\/www.cvblab.webs.upv.es\/es\/inicio\/\" target=\"_blank\" rel=\"noopener\">i3B-CVBLab<\/a>) y Mariano Alca\u00f1iz (<a href=\"https:\/\/lableni.webs.upv.es\/\" target=\"_blank\" rel=\"noopener\">i3B-LabLENI<\/a>).<\/li><li><strong><a href=\"https:\/\/ibmcp.upv.es\/\" target=\"_blank\" rel=\"noopener\">IBMCP<\/a>.<\/strong> Instituto de Biolog\u00eda Molecular y Celular de Plantas.<br \/>Persona de contacto: Jos\u00e9 Javier Forment Millet<\/li><li><strong><a href=\"http:\/\/igic.webs.upv.es\/\" target=\"_blank\" rel=\"noopener\">IGIC<\/a>.<\/strong> Instituto de Inv. Gesti\u00f3n Integ. de Zonas Costeras, Lab of Natural and Designed Intelligence (<a href=\"https:\/\/lofnadi.github.io\" target=\"_blank\" rel=\"noopener\">LofNaDI<\/a>)<a href=\"https:\/\/lofnadi.github.io\" target=\"_blank\" rel=\"noopener\">\u00a0<\/a><br \/>Persona de contacto: Salva Ardid\u00a0<\/li><li><strong><a href=\"https:\/\/www.ingenio.upv.es\/es\" target=\"_blank\" rel=\"noopener\">INGENIO<\/a>.<\/strong> Instituto de Gesti\u00f3n de la Innovaci\u00f3n y del Conocimiento.<br \/>Persona de contacto: Adela Garc\u00eda Aracil<\/li><li><strong><a href=\"http:\/\/www.itaca.upv.es\" target=\"_blank\" rel=\"noopener\">ITACA<\/a>.<\/strong> Instituto Universitario de Tecnolog\u00edas de la Informaci\u00f3n y Comunicaciones.<br \/>Persona de contacto: Juan Miguel Garc\u00eda G\u00f3mez<\/li><li><strong><a href=\"http:\/\/www.impa.upv.es\/\" target=\"_blank\" rel=\"noopener\">IUMPA<\/a>.<\/strong> Instituto Universitario de Matem\u00e1tica Pura y Aplicada.<br \/>Persona de contacto: Alfredo Peris<\/li><li><strong><a href=\"https:\/\/www.prhlt.upv.es\/\" target=\"_blank\" rel=\"noopener\">PRHLT<\/a>.<\/strong> Pattern Recognition and Human Language Technology.<br \/>Persona de contacto: Joan Andreu S\u00e1nchez<\/li><li><strong><a href=\"https:\/\/vrain.upv.es\/\" target=\"_blank\" rel=\"noopener\">VRAIN<\/a>.<\/strong> Valencian Research Institute for Artificial Intelligence.\u00a0 \u00a0 \u00a0 \u00a0 \u00a0 \u00a0 \u00a0 \u00a0 \u00a0 \u00a0 \u00a0 \u00a0 \u00a0 \u00a0 \u00a0 \u00a0 \u00a0 \u00a0 \u00a0 \u00a0 \u00a0 \u00a0 \u00a0 \u00a0 \u00a0 \u00a0 \u00a0 \u00a0 \u00a0 \u00a0 \u00a0 \u00a0 \u00a0 \u00a0 \u00a0 \u00a0 Persona de contacto: Vicent Botti \/ A\u00edda Gil<\/li><\/ul><p>El <strong>representante<\/strong><strong>\u00a0UPV<\/strong> en la asociaci\u00f3n es Vicent Botti (VRAIN).<\/p>\t\t\t\t\t\t\t\t<\/div>\n\t\t\t\t<\/div>\n\t\t\t\t<div class=\"elementor-element elementor-element-383c806 elementor-skin-carousel elementor-arrows-yes elementor-pagination-type-bullets elementor-pagination-position-outside elementor-widget elementor-widget-media-carousel\" data-id=\"383c806\" data-element_type=\"widget\" data-e-type=\"widget\" data-settings=\"{&quot;slides_per_view&quot;:&quot;4&quot;,&quot;space_between&quot;:{&quot;unit&quot;:&quot;px&quot;,&quot;size&quot;:20,&quot;sizes&quot;:[]},&quot;autoplay_speed&quot;:2500,&quot;skin&quot;:&quot;carousel&quot;,&quot;effect&quot;:&quot;slide&quot;,&quot;show_arrows&quot;:&quot;yes&quot;,&quot;pagination&quot;:&quot;bullets&quot;,&quot;speed&quot;:500,&quot;autoplay&quot;:&quot;yes&quot;,&quot;loop&quot;:&quot;yes&quot;,&quot;pause_on_hover&quot;:&quot;yes&quot;,&quot;pause_on_interaction&quot;:&quot;yes&quot;,&quot;space_between_tablet&quot;:{&quot;unit&quot;:&quot;px&quot;,&quot;size&quot;:10,&quot;sizes&quot;:[]},&quot;space_between_mobile&quot;:{&quot;unit&quot;:&quot;px&quot;,&quot;size&quot;:10,&quot;sizes&quot;:[]}}\" data-widget_type=\"media-carousel.default\">\n\t\t\t\t<div class=\"elementor-widget-container\">\n\t\t\t\t\t\t\t\t\t<div class=\"elementor-swiper\">\n\t\t\t\t\t<div class=\"elementor-main-swiper swiper\" role=\"region\" aria-roledescription=\"carousel\" aria-label=\"Slides\">\n\t\t\t\t<div class=\"swiper-wrapper\">\n\t\t\t\t\t\t\t\t\t\t\t<div class=\"swiper-slide\" role=\"group\" aria-roledescription=\"slide\">\n\t\t\t\t\t\t\t<a href=\"https:\/\/cbit.webs.upv.es\/\" target=\"_blank\">\t\t<div class=\"elementor-carousel-image\" role=\"img\" aria-label=\"logo-CBIT-grande\" style=\"background-image: url(&#039;https:\/\/cpi-europe.upv.es\/wp-content\/uploads\/2022\/05\/logo-CBIT-grande-768x233.png&#039;)\">\n\n\t\t\t\n\t\t\t\t\t<\/div>\n\t\t<\/a>\t\t\t\t\t\t<\/div>\n\t\t\t\t\t\t\t\t\t\t\t<div class=\"swiper-slide\" role=\"group\" aria-roledescription=\"slide\">\n\t\t\t\t\t\t\t<a href=\"http:\/\/www.upv.es\/entidades\/DU\/\" target=\"_blank\">\t\t<div class=\"elementor-carousel-image\" role=\"img\" aria-label=\"DU\" style=\"background-image: url(&#039;https:\/\/cpi-europe.upv.es\/wp-content\/uploads\/2022\/05\/DU.png&#039;)\">\n\n\t\t\t\n\t\t\t\t\t<\/div>\n\t\t<\/a>\t\t\t\t\t\t<\/div>\n\t\t\t\t\t\t\t\t\t\t\t<div class=\"swiper-slide\" role=\"group\" aria-roledescription=\"slide\">\n\t\t\t\t\t\t\t<a href=\"http:\/\/www.cvblab.webs.upv.es\/es\/inicio\/\" target=\"_blank\">\t\t<div class=\"elementor-carousel-image\" role=\"img\" aria-label=\"cvblab_logo2\" style=\"background-image: url(&#039;https:\/\/cpi-europe.upv.es\/wp-content\/uploads\/2021\/11\/cvblab_logo2.jpg&#039;)\">\n\n\t\t\t\n\t\t\t\t\t<\/div>\n\t\t<\/a>\t\t\t\t\t\t<\/div>\n\t\t\t\t\t\t\t\t\t\t\t<div class=\"swiper-slide\" role=\"group\" aria-roledescription=\"slide\">\n\t\t\t\t\t\t\t<a href=\"https:\/\/lableni.webs.upv.es\/\" target=\"_blank\">\t\t<div class=\"elementor-carousel-image\" role=\"img\" aria-label=\"descarga\" style=\"background-image: url(&#039;https:\/\/cpi-europe.upv.es\/wp-content\/uploads\/2022\/05\/descarga.jpg&#039;)\">\n\n\t\t\t\n\t\t\t\t\t<\/div>\n\t\t<\/a>\t\t\t\t\t\t<\/div>\n\t\t\t\t\t\t\t\t\t\t\t<div class=\"swiper-slide\" role=\"group\" aria-roledescription=\"slide\">\n\t\t\t\t\t\t\t\t\t<div class=\"elementor-carousel-image\" role=\"img\" aria-label=\"ibmcp_Recurso-1su\" style=\"background-image: url(&#039;https:\/\/cpi-europe.upv.es\/wp-content\/uploads\/2022\/03\/ibmcp_Recurso-1su-768x165.png&#039;)\">\n\n\t\t\t\n\t\t\t\t\t<\/div>\n\t\t\t\t\t\t\t\t<\/div>\n\t\t\t\t\t\t\t\t\t\t\t<div class=\"swiper-slide\" role=\"group\" aria-roledescription=\"slide\">\n\t\t\t\t\t\t\t<a href=\"http:\/\/igic.webs.upv.es\/\" target=\"_blank\">\t\t<div class=\"elementor-carousel-image\" role=\"img\" aria-label=\"igic\" style=\"background-image: url(&#039;https:\/\/cpi-europe.upv.es\/wp-content\/uploads\/2022\/05\/igic.png&#039;)\">\n\n\t\t\t\n\t\t\t\t\t<\/div>\n\t\t<\/a>\t\t\t\t\t\t<\/div>\n\t\t\t\t\t\t\t\t\t\t\t<div class=\"swiper-slide\" role=\"group\" aria-roledescription=\"slide\">\n\t\t\t\t\t\t\t<a href=\"https:\/\/www.ingenio.upv.es\/es\" target=\"_blank\">\t\t<div class=\"elementor-carousel-image\" role=\"img\" aria-label=\"descarga\" style=\"background-image: url(&#039;https:\/\/cpi-europe.upv.es\/wp-content\/uploads\/2022\/05\/descarga.png&#039;)\">\n\n\t\t\t\n\t\t\t\t\t<\/div>\n\t\t<\/a>\t\t\t\t\t\t<\/div>\n\t\t\t\t\t\t\t\t\t\t\t<div class=\"swiper-slide\" role=\"group\" aria-roledescription=\"slide\">\n\t\t\t\t\t\t\t\t\t<div class=\"elementor-carousel-image\" role=\"img\" aria-label=\"Logo-Itaca-ENGLISH\" style=\"background-image: url(&#039;https:\/\/cpi-europe.upv.es\/wp-content\/uploads\/2021\/11\/Logo-Itaca-ENGLISH.jpg&#039;)\">\n\n\t\t\t\n\t\t\t\t\t<\/div>\n\t\t\t\t\t\t\t\t<\/div>\n\t\t\t\t\t\t\t\t\t\t\t<div class=\"swiper-slide\" role=\"group\" aria-roledescription=\"slide\">\n\t\t\t\t\t\t\t<a href=\"http:\/\/www.impa.upv.es\/\" target=\"_blank\">\t\t<div class=\"elementor-carousel-image\" role=\"img\" aria-label=\"ium\" style=\"background-image: url(&#039;https:\/\/cpi-europe.upv.es\/wp-content\/uploads\/2022\/05\/ium.png&#039;)\">\n\n\t\t\t\n\t\t\t\t\t<\/div>\n\t\t<\/a>\t\t\t\t\t\t<\/div>\n\t\t\t\t\t\t\t\t\t\t\t<div class=\"swiper-slide\" role=\"group\" aria-roledescription=\"slide\">\n\t\t\t\t\t\t\t\t\t<div class=\"elementor-carousel-image\" role=\"img\" aria-label=\"logoprhlt_desktop\" style=\"background-image: url(&#039;https:\/\/cpi-europe.upv.es\/wp-content\/uploads\/2022\/03\/logoprhlt_desktop.png&#039;)\">\n\n\t\t\t\n\t\t\t\t\t<\/div>\n\t\t\t\t\t\t\t\t<\/div>\n\t\t\t\t\t\t\t\t\t\t\t<div class=\"swiper-slide\" role=\"group\" aria-roledescription=\"slide\">\n\t\t\t\t\t\t\t\t\t<div class=\"elementor-carousel-image\" role=\"img\" aria-label=\"VRAIN-3_color_300-100\" style=\"background-image: url(&#039;https:\/\/cpi-europe.upv.es\/wp-content\/uploads\/2022\/03\/VRAIN-3_color_300-100-768x137.jpg&#039;)\">\n\n\t\t\t\n\t\t\t\t\t<\/div>\n\t\t\t\t\t\t\t\t<\/div>\n\t\t\t\t\t\t\t\t\t<\/div>\n\t\t\t\t\t\t\t\t\t\t\t\t\t\t\t<div class=\"elementor-swiper-button elementor-swiper-button-prev\" role=\"button\" tabindex=\"0\" aria-label=\"Previous\">\n\t\t\t\t\t\t\t<i aria-hidden=\"true\" class=\"eicon-chevron-left\"><\/i>\t\t\t\t\t\t<\/div>\n\t\t\t\t\t\t<div class=\"elementor-swiper-button elementor-swiper-button-next\" role=\"button\" tabindex=\"0\" aria-label=\"Next\">\n\t\t\t\t\t\t\t<i aria-hidden=\"true\" class=\"eicon-chevron-right\"><\/i>\t\t\t\t\t\t<\/div>\n\t\t\t\t\t\t\t\t\t\t\t\t\t\t\t\t<div class=\"swiper-pagination\"><\/div>\n\t\t\t\t\t\t\t\t\t\t\t\t<\/div>\n\t\t\t\t<\/div>\n\t\t\t\t\t\t\t\t<\/div>\n\t\t\t\t<\/div>\n\t\t\t\t\t<\/div>\n\t\t<\/div>\n\t\t\t\t\t<\/div>\n\t\t<\/section>\n\t\t\t\t<\/div>","protected":false},"excerpt":{"rendered":"<p>HOME \/ NODO CAIRNE Nodo CAIRNE El nodo UPV vinculado a la asociaci\u00f3n\u00a0CAIRNE \u00abConfederation of Laboratories for Artificial Intelligence Research in Europe\u00bb\u00a0est\u00e1 conformado por las siguientes estructuras de investigaci\u00f3n: CBIT. Centro de Biomateriales e Ingenier\u00eda Tisular.Persona de contacto: David Moratal DU. Dpto. de Urbanismo.Persona de contacto: Francisca Ram\u00f3n Fern\u00e1ndez\u00a0 i3B. Instituto de Investigaci\u00f3n e Innovaci\u00f3n &hellip;<\/p>\n<p class=\"read-more\"> <a class=\"\" href=\"https:\/\/cpi-europe.upv.es\/en\/nodo-cairne\/\"> <span class=\"screen-reader-text\">Nodo CAIRNE<\/span> Read More \u00bb<\/a><\/p>","protected":false},"author":1,"featured_media":0,"parent":0,"menu_order":0,"comment_status":"closed","ping_status":"closed","template":"","meta":{"content-type":"","_monsterinsights_skip_tracking":false,"_monsterinsights_sitenote_active":false,"_monsterinsights_sitenote_note":"","_monsterinsights_sitenote_category":0,"footnotes":""},"class_list":["post-1596","page","type-page","status-publish","hentry"],"yoast_head":"<!-- This site is optimized with the Yoast SEO plugin v27.1.1 - https:\/\/yoast.com\/product\/yoast-seo-wordpress\/ -->\n<title>Nodo CAIRNE | CPI EUROPE<\/title>\n<meta name=\"description\" content=\"CPI EUROPE, en colaboraci\u00f3n con UPV INNOVACION apoya la colaboraci\u00f3n de grupos de investigaci\u00f3n de la UPV con empresas y entidades.\" \/>\n<meta name=\"robots\" content=\"index, follow, max-snippet:-1, max-image-preview:large, max-video-preview:-1\" \/>\n<link rel=\"canonical\" href=\"https:\/\/cpi-europe.upv.es\/en\/nodo-cairne\/\" \/>\n<meta property=\"og:locale\" content=\"en_GB\" \/>\n<meta property=\"og:type\" content=\"article\" \/>\n<meta property=\"og:title\" content=\"Nodo CAIRNE | CPI EUROPE\" \/>\n<meta property=\"og:description\" content=\"CPI EUROPE, en colaboraci\u00f3n con UPV INNOVACION apoya la colaboraci\u00f3n de grupos de investigaci\u00f3n de la UPV con empresas y entidades.\" \/>\n<meta property=\"og:url\" content=\"https:\/\/cpi-europe.upv.es\/en\/nodo-cairne\/\" \/>\n<meta property=\"og:site_name\" content=\"CPI EUROPE\" \/>\n<meta property=\"article:publisher\" content=\"https:\/\/www.facebook.com\/UPV\" \/>\n<meta property=\"article:modified_time\" content=\"2024-10-10T09:38:11+00:00\" \/>\n<meta property=\"og:image\" content=\"https:\/\/cpi-europe.upv.es\/wp-content\/uploads\/2020\/12\/colaboraciones.jpg\" \/>\n<meta name=\"twitter:card\" content=\"summary_large_image\" \/>\n<meta name=\"twitter:site\" content=\"@UPV\" \/>\n<meta name=\"twitter:label1\" content=\"Estimated reading time\" \/>\n\t<meta name=\"twitter:data1\" content=\"2 minutes\" \/>\n<script type=\"application\/ld+json\" class=\"yoast-schema-graph\">{\"@context\":\"https:\/\/schema.org\",\"@graph\":[{\"@type\":\"WebPage\",\"@id\":\"https:\/\/cpi-europe.upv.es\/nodo-cairne\/\",\"url\":\"https:\/\/cpi-europe.upv.es\/nodo-cairne\/\",\"name\":\"Nodo CAIRNE | CPI EUROPE\",\"isPartOf\":{\"@id\":\"https:\/\/cpi-europe.upv.es\/#website\"},\"primaryImageOfPage\":{\"@id\":\"https:\/\/cpi-europe.upv.es\/nodo-cairne\/#primaryimage\"},\"image\":{\"@id\":\"https:\/\/cpi-europe.upv.es\/nodo-cairne\/#primaryimage\"},\"thumbnailUrl\":\"https:\/\/cpi-europe.upv.es\/wp-content\/uploads\/2020\/12\/colaboraciones.jpg\",\"datePublished\":\"2021-06-23T08:11:56+00:00\",\"dateModified\":\"2024-10-10T09:38:11+00:00\",\"description\":\"CPI EUROPE, en colaboraci\u00f3n con UPV INNOVACION apoya la colaboraci\u00f3n de grupos de investigaci\u00f3n de la UPV con empresas y entidades.\",\"breadcrumb\":{\"@id\":\"https:\/\/cpi-europe.upv.es\/nodo-cairne\/#breadcrumb\"},\"inLanguage\":\"en-GB\",\"potentialAction\":[{\"@type\":\"ReadAction\",\"target\":[\"https:\/\/cpi-europe.upv.es\/nodo-cairne\/\"]}]},{\"@type\":\"ImageObject\",\"inLanguage\":\"en-GB\",\"@id\":\"https:\/\/cpi-europe.upv.es\/nodo-cairne\/#primaryimage\",\"url\":\"https:\/\/cpi-europe.upv.es\/wp-content\/uploads\/2020\/12\/colaboraciones.jpg\",\"contentUrl\":\"https:\/\/cpi-europe.upv.es\/wp-content\/uploads\/2020\/12\/colaboraciones.jpg\"},{\"@type\":\"BreadcrumbList\",\"@id\":\"https:\/\/cpi-europe.upv.es\/nodo-cairne\/#breadcrumb\",\"itemListElement\":[{\"@type\":\"ListItem\",\"position\":1,\"name\":\"Portada\",\"item\":\"https:\/\/cpi-europe.upv.es\/\"},{\"@type\":\"ListItem\",\"position\":2,\"name\":\"Nodo CAIRNE\"}]},{\"@type\":\"WebSite\",\"@id\":\"https:\/\/cpi-europe.upv.es\/#website\",\"url\":\"https:\/\/cpi-europe.upv.es\/\",\"name\":\"CPI EUROPE\",\"description\":\"\",\"publisher\":{\"@id\":\"https:\/\/cpi-europe.upv.es\/#organization\"},\"potentialAction\":[{\"@type\":\"SearchAction\",\"target\":{\"@type\":\"EntryPoint\",\"urlTemplate\":\"https:\/\/cpi-europe.upv.es\/?s={search_term_string}\"},\"query-input\":{\"@type\":\"PropertyValueSpecification\",\"valueRequired\":true,\"valueName\":\"search_term_string\"}}],\"inLanguage\":\"en-GB\"},{\"@type\":\"Organization\",\"@id\":\"https:\/\/cpi-europe.upv.es\/#organization\",\"name\":\"CPI Europe\",\"url\":\"https:\/\/cpi-europe.upv.es\/\",\"logo\":{\"@type\":\"ImageObject\",\"inLanguage\":\"en-GB\",\"@id\":\"https:\/\/cpi-europe.upv.es\/#\/schema\/logo\/image\/\",\"url\":\"https:\/\/cpi-europe.upv.es\/wp-content\/uploads\/2020\/12\/logo-cpi-web-ok.png\",\"contentUrl\":\"https:\/\/cpi-europe.upv.es\/wp-content\/uploads\/2020\/12\/logo-cpi-web-ok.png\",\"width\":869,\"height\":111,\"caption\":\"CPI Europe\"},\"image\":{\"@id\":\"https:\/\/cpi-europe.upv.es\/#\/schema\/logo\/image\/\"},\"sameAs\":[\"https:\/\/www.facebook.com\/UPV\",\"https:\/\/x.com\/UPV\",\"https:\/\/www.instagram.com\/instaUPV\/\"]}]}<\/script>\n<!-- \/ Yoast SEO plugin. -->","yoast_head_json":{"title":"Nodo CAIRNE | CPI EUROPE","description":"CPI EUROPE, along with UPV INNOVACI\u00d3N, provides support to strengthen relationships among UPV research groups with companies and other entities.","robots":{"index":"index","follow":"follow","max-snippet":"max-snippet:-1","max-image-preview":"max-image-preview:large","max-video-preview":"max-video-preview:-1"},"canonical":"https:\/\/cpi-europe.upv.es\/en\/nodo-cairne\/","og_locale":"en_GB","og_type":"article","og_title":"Nodo CAIRNE | CPI EUROPE","og_description":"CPI EUROPE, en colaboraci\u00f3n con UPV INNOVACION apoya la colaboraci\u00f3n de grupos de investigaci\u00f3n de la UPV con empresas y entidades.","og_url":"https:\/\/cpi-europe.upv.es\/en\/nodo-cairne\/","og_site_name":"CPI EUROPE","article_publisher":"https:\/\/www.facebook.com\/UPV","article_modified_time":"2024-10-10T09:38:11+00:00","og_image":[{"url":"https:\/\/cpi-europe.upv.es\/wp-content\/uploads\/2020\/12\/colaboraciones.jpg","type":"","width":"","height":""}],"twitter_card":"summary_large_image","twitter_site":"@UPV","twitter_misc":{"Estimated reading time":"2 minutes"},"schema":{"@context":"https:\/\/schema.org","@graph":[{"@type":"WebPage","@id":"https:\/\/cpi-europe.upv.es\/nodo-cairne\/","url":"https:\/\/cpi-europe.upv.es\/nodo-cairne\/","name":"Nodo CAIRNE | CPI EUROPE","isPartOf":{"@id":"https:\/\/cpi-europe.upv.es\/#website"},"primaryImageOfPage":{"@id":"https:\/\/cpi-europe.upv.es\/nodo-cairne\/#primaryimage"},"image":{"@id":"https:\/\/cpi-europe.upv.es\/nodo-cairne\/#primaryimage"},"thumbnailUrl":"https:\/\/cpi-europe.upv.es\/wp-content\/uploads\/2020\/12\/colaboraciones.jpg","datePublished":"2021-06-23T08:11:56+00:00","dateModified":"2024-10-10T09:38:11+00:00","description":"CPI EUROPE, along with UPV INNOVACI\u00d3N, provides support to strengthen relationships among UPV research groups with companies and other entities.","breadcrumb":{"@id":"https:\/\/cpi-europe.upv.es\/nodo-cairne\/#breadcrumb"},"inLanguage":"en-GB","potentialAction":[{"@type":"ReadAction","target":["https:\/\/cpi-europe.upv.es\/nodo-cairne\/"]}]},{"@type":"ImageObject","inLanguage":"en-GB","@id":"https:\/\/cpi-europe.upv.es\/nodo-cairne\/#primaryimage","url":"https:\/\/cpi-europe.upv.es\/wp-content\/uploads\/2020\/12\/colaboraciones.jpg","contentUrl":"https:\/\/cpi-europe.upv.es\/wp-content\/uploads\/2020\/12\/colaboraciones.jpg"},{"@type":"BreadcrumbList","@id":"https:\/\/cpi-europe.upv.es\/nodo-cairne\/#breadcrumb","itemListElement":[{"@type":"ListItem","position":1,"name":"Portada","item":"https:\/\/cpi-europe.upv.es\/"},{"@type":"ListItem","position":2,"name":"Nodo CAIRNE"}]},{"@type":"WebSite","@id":"https:\/\/cpi-europe.upv.es\/#website","url":"https:\/\/cpi-europe.upv.es\/","name":"CPI EUROPE","description":"","publisher":{"@id":"https:\/\/cpi-europe.upv.es\/#organization"},"potentialAction":[{"@type":"SearchAction","target":{"@type":"EntryPoint","urlTemplate":"https:\/\/cpi-europe.upv.es\/?s={search_term_string}"},"query-input":{"@type":"PropertyValueSpecification","valueRequired":true,"valueName":"search_term_string"}}],"inLanguage":"en-GB"},{"@type":"Organization","@id":"https:\/\/cpi-europe.upv.es\/#organization","name":"CPI Europe","url":"https:\/\/cpi-europe.upv.es\/","logo":{"@type":"ImageObject","inLanguage":"en-GB","@id":"https:\/\/cpi-europe.upv.es\/#\/schema\/logo\/image\/","url":"https:\/\/cpi-europe.upv.es\/wp-content\/uploads\/2020\/12\/logo-cpi-web-ok.png","contentUrl":"https:\/\/cpi-europe.upv.es\/wp-content\/uploads\/2020\/12\/logo-cpi-web-ok.png","width":869,"height":111,"caption":"CPI Europe"},"image":{"@id":"https:\/\/cpi-europe.upv.es\/#\/schema\/logo\/image\/"},"sameAs":["https:\/\/www.facebook.com\/UPV","https:\/\/x.com\/UPV","https:\/\/www.instagram.com\/instaUPV\/"]}]}},"_links":{"self":[{"href":"https:\/\/cpi-europe.upv.es\/en\/wp-json\/wp\/v2\/pages\/1596","targetHints":{"allow":["GET"]}}],"collection":[{"href":"https:\/\/cpi-europe.upv.es\/en\/wp-json\/wp\/v2\/pages"}],"about":[{"href":"https:\/\/cpi-europe.upv.es\/en\/wp-json\/wp\/v2\/types\/page"}],"author":[{"embeddable":true,"href":"https:\/\/cpi-europe.upv.es\/en\/wp-json\/wp\/v2\/users\/1"}],"replies":[{"embeddable":true,"href":"https:\/\/cpi-europe.upv.es\/en\/wp-json\/wp\/v2\/comments?post=1596"}],"version-history":[{"count":5,"href":"https:\/\/cpi-europe.upv.es\/en\/wp-json\/wp\/v2\/pages\/1596\/revisions"}],"predecessor-version":[{"id":3836,"href":"https:\/\/cpi-europe.upv.es\/en\/wp-json\/wp\/v2\/pages\/1596\/revisions\/3836"}],"wp:attachment":[{"href":"https:\/\/cpi-europe.upv.es\/en\/wp-json\/wp\/v2\/media?parent=1596"}],"curies":[{"name":"wp","href":"https:\/\/api.w.org\/{rel}","templated":true}]}}